{"id":5050,"date":"2025-01-16T13:45:41","date_gmt":"2025-01-16T13:45:41","guid":{"rendered":"https:\/\/staging.gajolivestock.com\/?post_type=product&#038;p=5050"},"modified":"2025-02-07T09:56:36","modified_gmt":"2025-02-07T09:56:36","slug":"whole-beef","status":"publish","type":"product","link":"https:\/\/staging.gajolivestock.com\/fr\/produit\/whole-beef\/","title":{"rendered":"Boeuf Entier"},"content":{"rendered":"<p>Riche en prot\u00e9ines, fer, zinc et vitamines (notamment B12), la viande de b\u0153uf enti\u00e8re r\u00e9pond \u00e0 divers besoins nutritionnels tout en permettant une gestion \u00e9conomique et durable des ressources. Il est id\u00e9al pour les familles nombreuses, les restaurateurs ou les projets de pr\u00e9servation \u00e0 long terme.<\/p>\n<p>&nbsp;<\/p>\n<p>&nbsp;<\/p>","protected":false},"excerpt":{"rendered":"<p>Le b\u0153uf entier offre une grande vari\u00e9t\u00e9 de coupes, des coupes de qualit\u00e9 sup\u00e9rieure aux coupes en rago\u00fbt, en passant par les abats riches en nutriments. Id\u00e9al pour les familles nombreuses, les restaurateurs, ou le stockage de longue dur\u00e9e, c'est une source compl\u00e8te de prot\u00e9ines et de vitamines essentielles.<\/p>","protected":false},"featured_media":5051,"comment_status":"open","ping_status":"closed","template":"","meta":{"om_disable_all_campaigns":false,"pagelayer_contact_templates":[],"_pagelayer_content":""},"product_brand":[],"product_cat":[89,84],"product_tag":[108,115],"class_list":{"0":"post-5050","1":"product","2":"type-product","3":"status-publish","4":"has-post-thumbnail","6":"product_cat-beef","7":"product_cat-cattle","8":"product_tag-boeuf","9":"product_tag-cattle","11":"first","12":"instock","13":"shipping-taxable","14":"purchasable","15":"product-type-simple"},"jetpack_sharing_enabled":true,"_links":{"self":[{"href":"https:\/\/staging.gajolivestock.com\/fr\/wp-json\/wp\/v2\/product\/5050","targetHints":{"allow":["GET"]}}],"collection":[{"href":"https:\/\/staging.gajolivestock.com\/fr\/wp-json\/wp\/v2\/product"}],"about":[{"href":"https:\/\/staging.gajolivestock.com\/fr\/wp-json\/wp\/v2\/types\/product"}],"replies":[{"embeddable":true,"href":"https:\/\/staging.gajolivestock.com\/fr\/wp-json\/wp\/v2\/comments?post=5050"}],"wp:featuredmedia":[{"embeddable":true,"href":"https:\/\/staging.gajolivestock.com\/fr\/wp-json\/wp\/v2\/media\/5051"}],"wp:attachment":[{"href":"https:\/\/staging.gajolivestock.com\/fr\/wp-json\/wp\/v2\/media?parent=5050"}],"wp:term":[{"taxonomy":"product_brand","embeddable":true,"href":"https:\/\/staging.gajolivestock.com\/fr\/wp-json\/wp\/v2\/product_brand?post=5050"},{"taxonomy":"product_cat","embeddable":true,"href":"https:\/\/staging.gajolivestock.com\/fr\/wp-json\/wp\/v2\/product_cat?post=5050"},{"taxonomy":"product_tag","embeddable":true,"href":"https:\/\/staging.gajolivestock.com\/fr\/wp-json\/wp\/v2\/product_tag?post=5050"}],"curies":[{"name":"wp","href":"https:\/\/api.w.org\/{rel}","templated":true}]}}