{"id":5053,"date":"2025-01-16T14:12:20","date_gmt":"2025-01-16T14:12:20","guid":{"rendered":"https:\/\/staging.gajolivestock.com\/?post_type=product&#038;p=5053"},"modified":"2025-02-01T11:29:39","modified_gmt":"2025-02-01T11:29:39","slug":"goat","status":"publish","type":"product","link":"https:\/\/staging.gajolivestock.com\/fr\/produit\/goat\/","title":{"rendered":"Ch\u00e8vre enti\u00e8re"},"content":{"rendered":"<p>La viande de ch\u00e8vre est riche en prot\u00e9ines maigres, en vitamines B, en fer, en zinc et en phosphore. Il est faible en gras et en cholest\u00e9rol, ce qui en fait une option saine et b\u00e9n\u00e9fique pour la croissance musculaire, la sant\u00e9 du syst\u00e8me nerveux et la solidit\u00e9 des os. Il est \u00e9galement id\u00e9al pour ceux qui surveillent leur apport en cholest\u00e9rol.<\/p>\n<p>&nbsp;<\/p>","protected":false},"excerpt":{"rendered":"<p>La viande de ch\u00e8vre est riche en prot\u00e9ines maigres, en vitamines B, en fer, en zinc et en phosphore. Il est faible en gras et en cholest\u00e9rol, ce qui en fait un choix nutritif et sain.<\/p>","protected":false},"featured_media":5054,"comment_status":"open","ping_status":"closed","template":"","meta":{"om_disable_all_campaigns":false,"pagelayer_contact_templates":[],"_pagelayer_content":""},"product_brand":[],"product_cat":[84,82],"product_tag":[115,109],"class_list":{"0":"post-5053","1":"product","2":"type-product","3":"status-publish","4":"has-post-thumbnail","6":"product_cat-cattle","7":"product_cat-goat","8":"product_tag-cattle","9":"product_tag-goat","11":"first","12":"instock","13":"shipping-taxable","14":"purchasable","15":"product-type-simple"},"jetpack_sharing_enabled":true,"_links":{"self":[{"href":"https:\/\/staging.gajolivestock.com\/fr\/wp-json\/wp\/v2\/product\/5053","targetHints":{"allow":["GET"]}}],"collection":[{"href":"https:\/\/staging.gajolivestock.com\/fr\/wp-json\/wp\/v2\/product"}],"about":[{"href":"https:\/\/staging.gajolivestock.com\/fr\/wp-json\/wp\/v2\/types\/product"}],"replies":[{"embeddable":true,"href":"https:\/\/staging.gajolivestock.com\/fr\/wp-json\/wp\/v2\/comments?post=5053"}],"wp:featuredmedia":[{"embeddable":true,"href":"https:\/\/staging.gajolivestock.com\/fr\/wp-json\/wp\/v2\/media\/5054"}],"wp:attachment":[{"href":"https:\/\/staging.gajolivestock.com\/fr\/wp-json\/wp\/v2\/media?parent=5053"}],"wp:term":[{"taxonomy":"product_brand","embeddable":true,"href":"https:\/\/staging.gajolivestock.com\/fr\/wp-json\/wp\/v2\/product_brand?post=5053"},{"taxonomy":"product_cat","embeddable":true,"href":"https:\/\/staging.gajolivestock.com\/fr\/wp-json\/wp\/v2\/product_cat?post=5053"},{"taxonomy":"product_tag","embeddable":true,"href":"https:\/\/staging.gajolivestock.com\/fr\/wp-json\/wp\/v2\/product_tag?post=5053"}],"curies":[{"name":"wp","href":"https:\/\/api.w.org\/{rel}","templated":true}]}}