{"id":5056,"date":"2025-01-16T14:27:36","date_gmt":"2025-01-16T14:27:36","guid":{"rendered":"https:\/\/staging.gajolivestock.com\/?post_type=product&#038;p=5056"},"modified":"2025-02-07T15:55:36","modified_gmt":"2025-02-07T15:55:36","slug":"fresh-sole","status":"publish","type":"product","link":"https:\/\/staging.gajolivestock.com\/fr\/produit\/fresh-sole\/","title":{"rendered":"Sole Fra\u00eeche"},"content":{"rendered":"<p>C'est une excellente source de vitamines B, notamment de vitamine B12, qui soutient la production de globules rouges et le bon fonctionnement du syst\u00e8me nerveux. Ce poisson est \u00e9galement riche en min\u00e9raux essentiels comme le s\u00e9l\u00e9nium, le phosphore et le potassium, qui jouent un r\u00f4le cl\u00e9 dans la sant\u00e9 du syst\u00e8me immunitaire, des os et du c\u0153ur. La sole est faible en calories, ce qui en fait un choix id\u00e9al pour ceux qui cherchent \u00e0 maintenir une alimentation l\u00e9g\u00e8re et saine.<\/p>\n<p>&nbsp;<\/p>","protected":false},"excerpt":{"rendered":"<p>Les poissons \u00e0 chair blanche et \u00e9caill\u00e9s, contenant de petites quantit\u00e9s d'acides gras, contribuent \u00e0 la pr\u00e9vention des maladies cardiovasculaires.<\/p>","protected":false},"featured_media":6818,"comment_status":"open","ping_status":"closed","template":"","meta":{"nf_dc_page":"","om_disable_all_campaigns":false,"pagelayer_contact_templates":[],"_pagelayer_content":""},"product_brand":[],"product_cat":[36],"product_tag":[112],"class_list":{"0":"post-5056","1":"product","2":"type-product","3":"status-publish","4":"has-post-thumbnail","6":"product_cat-fish-seafood","7":"product_tag-fish-seafood","9":"first","10":"instock","11":"shipping-taxable","12":"purchasable","13":"product-type-simple"},"jetpack_sharing_enabled":true,"_links":{"self":[{"href":"https:\/\/staging.gajolivestock.com\/fr\/wp-json\/wp\/v2\/product\/5056","targetHints":{"allow":["GET"]}}],"collection":[{"href":"https:\/\/staging.gajolivestock.com\/fr\/wp-json\/wp\/v2\/product"}],"about":[{"href":"https:\/\/staging.gajolivestock.com\/fr\/wp-json\/wp\/v2\/types\/product"}],"replies":[{"embeddable":true,"href":"https:\/\/staging.gajolivestock.com\/fr\/wp-json\/wp\/v2\/comments?post=5056"}],"wp:featuredmedia":[{"embeddable":true,"href":"https:\/\/staging.gajolivestock.com\/fr\/wp-json\/wp\/v2\/media\/6818"}],"wp:attachment":[{"href":"https:\/\/staging.gajolivestock.com\/fr\/wp-json\/wp\/v2\/media?parent=5056"}],"wp:term":[{"taxonomy":"product_brand","embeddable":true,"href":"https:\/\/staging.gajolivestock.com\/fr\/wp-json\/wp\/v2\/product_brand?post=5056"},{"taxonomy":"product_cat","embeddable":true,"href":"https:\/\/staging.gajolivestock.com\/fr\/wp-json\/wp\/v2\/product_cat?post=5056"},{"taxonomy":"product_tag","embeddable":true,"href":"https:\/\/staging.gajolivestock.com\/fr\/wp-json\/wp\/v2\/product_tag?post=5056"}],"curies":[{"name":"wp","href":"https:\/\/api.w.org\/{rel}","templated":true}]}}