{"id":5062,"date":"2025-01-16T15:18:08","date_gmt":"2025-01-16T15:18:08","guid":{"rendered":"https:\/\/staging.gajolivestock.com\/?post_type=product&#038;p=5062"},"modified":"2025-02-01T11:13:13","modified_gmt":"2025-02-01T11:13:13","slug":"5062","status":"publish","type":"product","link":"https:\/\/staging.gajolivestock.com\/fr\/produit\/5062\/","title":{"rendered":"Poulet Brahma"},"content":{"rendered":"<p>Le poulet Brahma est une grande race connue pour sa viande tendre et savoureuse. Il est appr\u00e9ci\u00e9 pour sa rusticit\u00e9 et son adaptabilit\u00e9 aux diff\u00e9rents environnements agricoles. Ce poulet est parfait pour les familles ou les restaurateurs \u00e0 la recherche d'une viande de qualit\u00e9.<\/p>\n<p>&nbsp;<\/p>","protected":false},"excerpt":{"rendered":"<p>Le poulet Brahma est une grande race de volaille, offrant une viande tendre et savoureuse, id\u00e9ale pour une alimentation saine.<\/p>","protected":false},"featured_media":5063,"comment_status":"open","ping_status":"closed","template":"","meta":{"om_disable_all_campaigns":false,"pagelayer_contact_templates":[],"_pagelayer_content":""},"product_brand":[],"product_cat":[83],"product_tag":[110],"class_list":{"0":"post-5062","1":"product","2":"type-product","3":"status-publish","4":"has-post-thumbnail","6":"product_cat-chicken","7":"product_tag-chicken","9":"first","10":"instock","11":"shipping-taxable","12":"purchasable","13":"product-type-simple"},"jetpack_sharing_enabled":true,"_links":{"self":[{"href":"https:\/\/staging.gajolivestock.com\/fr\/wp-json\/wp\/v2\/product\/5062","targetHints":{"allow":["GET"]}}],"collection":[{"href":"https:\/\/staging.gajolivestock.com\/fr\/wp-json\/wp\/v2\/product"}],"about":[{"href":"https:\/\/staging.gajolivestock.com\/fr\/wp-json\/wp\/v2\/types\/product"}],"replies":[{"embeddable":true,"href":"https:\/\/staging.gajolivestock.com\/fr\/wp-json\/wp\/v2\/comments?post=5062"}],"wp:featuredmedia":[{"embeddable":true,"href":"https:\/\/staging.gajolivestock.com\/fr\/wp-json\/wp\/v2\/media\/5063"}],"wp:attachment":[{"href":"https:\/\/staging.gajolivestock.com\/fr\/wp-json\/wp\/v2\/media?parent=5062"}],"wp:term":[{"taxonomy":"product_brand","embeddable":true,"href":"https:\/\/staging.gajolivestock.com\/fr\/wp-json\/wp\/v2\/product_brand?post=5062"},{"taxonomy":"product_cat","embeddable":true,"href":"https:\/\/staging.gajolivestock.com\/fr\/wp-json\/wp\/v2\/product_cat?post=5062"},{"taxonomy":"product_tag","embeddable":true,"href":"https:\/\/staging.gajolivestock.com\/fr\/wp-json\/wp\/v2\/product_tag?post=5062"}],"curies":[{"name":"wp","href":"https:\/\/api.w.org\/{rel}","templated":true}]}}