{"id":5077,"date":"2025-01-16T16:44:41","date_gmt":"2025-01-16T16:44:41","guid":{"rendered":"https:\/\/staging.gajolivestock.com\/?post_type=product&#038;p=5077"},"modified":"2025-02-06T17:43:32","modified_gmt":"2025-02-06T17:43:32","slug":"complete-grain-feed-for-laying-hens","status":"publish","type":"product","link":"https:\/\/staging.gajolivestock.com\/fr\/produit\/complete-grain-feed-for-laying-hens\/","title":{"rendered":"Aliments c\u00e9r\u00e9aliers pour poules"},"content":{"rendered":"<p><span style=\"vertical-align: inherit;\"><span style=\"vertical-align: inherit;\">Cet aliment est riche en prot\u00e9ines, vitamines et min\u00e9raux, garantissant une croissance optimale, une bonne qualit\u00e9 des \u0153ufs et un plumage sain.<\/span><\/span><\/p>\n<p>&nbsp;<\/p>","protected":false},"excerpt":{"rendered":"<p>Aliment complet \u00e0 base de c\u00e9r\u00e9ales pour poules pondeuses, riche en nutriments essentiels pour favoriser une production d'\u0153ufs optimale et maintenir la sant\u00e9 globale de la volaille.<\/p>","protected":false},"featured_media":5078,"comment_status":"open","ping_status":"closed","template":"","meta":{"om_disable_all_campaigns":false,"pagelayer_contact_templates":[],"_pagelayer_content":""},"product_brand":[],"product_cat":[85],"product_tag":[111],"class_list":{"0":"post-5077","1":"product","2":"type-product","3":"status-publish","4":"has-post-thumbnail","6":"product_cat-animal-feed-supplements","7":"product_tag-animal-feed-supplements","9":"first","10":"instock","11":"shipping-taxable","12":"purchasable","13":"product-type-simple"},"jetpack_sharing_enabled":true,"_links":{"self":[{"href":"https:\/\/staging.gajolivestock.com\/fr\/wp-json\/wp\/v2\/product\/5077","targetHints":{"allow":["GET"]}}],"collection":[{"href":"https:\/\/staging.gajolivestock.com\/fr\/wp-json\/wp\/v2\/product"}],"about":[{"href":"https:\/\/staging.gajolivestock.com\/fr\/wp-json\/wp\/v2\/types\/product"}],"replies":[{"embeddable":true,"href":"https:\/\/staging.gajolivestock.com\/fr\/wp-json\/wp\/v2\/comments?post=5077"}],"wp:featuredmedia":[{"embeddable":true,"href":"https:\/\/staging.gajolivestock.com\/fr\/wp-json\/wp\/v2\/media\/5078"}],"wp:attachment":[{"href":"https:\/\/staging.gajolivestock.com\/fr\/wp-json\/wp\/v2\/media?parent=5077"}],"wp:term":[{"taxonomy":"product_brand","embeddable":true,"href":"https:\/\/staging.gajolivestock.com\/fr\/wp-json\/wp\/v2\/product_brand?post=5077"},{"taxonomy":"product_cat","embeddable":true,"href":"https:\/\/staging.gajolivestock.com\/fr\/wp-json\/wp\/v2\/product_cat?post=5077"},{"taxonomy":"product_tag","embeddable":true,"href":"https:\/\/staging.gajolivestock.com\/fr\/wp-json\/wp\/v2\/product_tag?post=5077"}],"curies":[{"name":"wp","href":"https:\/\/api.w.org\/{rel}","templated":true}]}}