{"id":5079,"date":"2025-01-16T17:04:13","date_gmt":"2025-01-16T17:04:13","guid":{"rendered":"https:\/\/staging.gajolivestock.com\/?post_type=product&#038;p=5079"},"modified":"2025-02-07T16:20:27","modified_gmt":"2025-02-07T16:20:27","slug":"lobster","status":"publish","type":"product","link":"https:\/\/staging.gajolivestock.com\/fr\/produit\/lobster\/","title":{"rendered":"Langouste"},"content":{"rendered":"<p>Elle contient \u00e9galement des min\u00e9raux essentiels comme le zinc, le fer et le s\u00e9l\u00e9nium, qui soutiennent le syst\u00e8me immunitaire et la sant\u00e9 en g\u00e9n\u00e9ral.<\/p>","protected":false},"excerpt":{"rendered":"<p>La langouste est consid\u00e9r\u00e9e comme l'un des plats les plus raffin\u00e9s de nos tables de f\u00eate. Ce crustac\u00e9 \u00e0 la chair d\u00e9licate pr\u00e9sente \u00e9galement des atouts nutritionnels non n\u00e9gligeables et peut \u00eatre consomm\u00e9 toute l'ann\u00e9e.<\/p>","protected":false},"featured_media":5080,"comment_status":"open","ping_status":"closed","template":"","meta":{"om_disable_all_campaigns":false,"pagelayer_contact_templates":[],"_pagelayer_content":""},"product_brand":[],"product_cat":[36],"product_tag":[112],"class_list":{"0":"post-5079","1":"product","2":"type-product","3":"status-publish","4":"has-post-thumbnail","6":"product_cat-fish-seafood","7":"product_tag-fish-seafood","9":"first","10":"outofstock","11":"shipping-taxable","12":"purchasable","13":"product-type-simple"},"jetpack_sharing_enabled":true,"_links":{"self":[{"href":"https:\/\/staging.gajolivestock.com\/fr\/wp-json\/wp\/v2\/product\/5079","targetHints":{"allow":["GET"]}}],"collection":[{"href":"https:\/\/staging.gajolivestock.com\/fr\/wp-json\/wp\/v2\/product"}],"about":[{"href":"https:\/\/staging.gajolivestock.com\/fr\/wp-json\/wp\/v2\/types\/product"}],"replies":[{"embeddable":true,"href":"https:\/\/staging.gajolivestock.com\/fr\/wp-json\/wp\/v2\/comments?post=5079"}],"wp:featuredmedia":[{"embeddable":true,"href":"https:\/\/staging.gajolivestock.com\/fr\/wp-json\/wp\/v2\/media\/5080"}],"wp:attachment":[{"href":"https:\/\/staging.gajolivestock.com\/fr\/wp-json\/wp\/v2\/media?parent=5079"}],"wp:term":[{"taxonomy":"product_brand","embeddable":true,"href":"https:\/\/staging.gajolivestock.com\/fr\/wp-json\/wp\/v2\/product_brand?post=5079"},{"taxonomy":"product_cat","embeddable":true,"href":"https:\/\/staging.gajolivestock.com\/fr\/wp-json\/wp\/v2\/product_cat?post=5079"},{"taxonomy":"product_tag","embeddable":true,"href":"https:\/\/staging.gajolivestock.com\/fr\/wp-json\/wp\/v2\/product_tag?post=5079"}],"curies":[{"name":"wp","href":"https:\/\/api.w.org\/{rel}","templated":true}]}}