{"id":5084,"date":"2025-01-16T17:20:53","date_gmt":"2025-01-16T17:20:53","guid":{"rendered":"https:\/\/staging.gajolivestock.com\/?post_type=product&#038;p=5084"},"modified":"2025-02-01T11:40:19","modified_gmt":"2025-02-01T11:40:19","slug":"turkey","status":"publish","type":"product","link":"https:\/\/staging.gajolivestock.com\/fr\/produit\/turkey\/","title":{"rendered":"Dinde"},"content":{"rendered":"<p>C'est \u00e9galement une excellente source de vitamines B, notamment de vitamine B6 et de niacine, ainsi que de min\u00e9raux essentiels comme le zinc, le phosphore et le s\u00e9l\u00e9nium. Sa viande est particuli\u00e8rement appr\u00e9ci\u00e9e pour sa texture tendre et sa saveur d\u00e9licate, et elle est souvent servie lors des repas de f\u00eate.<\/p>\n<p>&nbsp;<\/p>","protected":false},"excerpt":{"rendered":"<p>La dinde est une grosse volaille, appr\u00e9ci\u00e9e pour sa viande maigre et riche en prot\u00e9ines. Il est souvent consomm\u00e9 lors d'occasions sp\u00e9ciales et sa viande est faible en gras tout en \u00e9tant une excellente source de vitamines et de min\u00e9raux essentiels.<\/p>","protected":false},"featured_media":5085,"comment_status":"open","ping_status":"closed","template":"","meta":{"nf_dc_page":"","om_disable_all_campaigns":false,"pagelayer_contact_templates":[],"_pagelayer_content":""},"product_brand":[],"product_cat":[84,48],"product_tag":[115,113],"class_list":{"0":"post-5084","1":"product","2":"type-product","3":"status-publish","4":"has-post-thumbnail","6":"product_cat-cattle","7":"product_cat-meat-poultry","8":"product_tag-cattle","9":"product_tag-meat-poultry","11":"first","12":"instock","13":"shipping-taxable","14":"purchasable","15":"product-type-simple"},"jetpack_sharing_enabled":true,"_links":{"self":[{"href":"https:\/\/staging.gajolivestock.com\/fr\/wp-json\/wp\/v2\/product\/5084","targetHints":{"allow":["GET"]}}],"collection":[{"href":"https:\/\/staging.gajolivestock.com\/fr\/wp-json\/wp\/v2\/product"}],"about":[{"href":"https:\/\/staging.gajolivestock.com\/fr\/wp-json\/wp\/v2\/types\/product"}],"replies":[{"embeddable":true,"href":"https:\/\/staging.gajolivestock.com\/fr\/wp-json\/wp\/v2\/comments?post=5084"}],"wp:featuredmedia":[{"embeddable":true,"href":"https:\/\/staging.gajolivestock.com\/fr\/wp-json\/wp\/v2\/media\/5085"}],"wp:attachment":[{"href":"https:\/\/staging.gajolivestock.com\/fr\/wp-json\/wp\/v2\/media?parent=5084"}],"wp:term":[{"taxonomy":"product_brand","embeddable":true,"href":"https:\/\/staging.gajolivestock.com\/fr\/wp-json\/wp\/v2\/product_brand?post=5084"},{"taxonomy":"product_cat","embeddable":true,"href":"https:\/\/staging.gajolivestock.com\/fr\/wp-json\/wp\/v2\/product_cat?post=5084"},{"taxonomy":"product_tag","embeddable":true,"href":"https:\/\/staging.gajolivestock.com\/fr\/wp-json\/wp\/v2\/product_tag?post=5084"}],"curies":[{"name":"wp","href":"https:\/\/api.w.org\/{rel}","templated":true}]}}