{"id":5091,"date":"2025-01-16T17:45:09","date_gmt":"2025-01-16T17:45:09","guid":{"rendered":"https:\/\/staging.gajolivestock.com\/?post_type=product&#038;p=5091"},"modified":"2025-02-07T13:53:31","modified_gmt":"2025-02-07T13:53:31","slug":"sheep","status":"publish","type":"product","link":"https:\/\/staging.gajolivestock.com\/fr\/produit\/sheep\/","title":{"rendered":"Mouton entier"},"content":{"rendered":"<p>Riche en prot\u00e9ines, en vitamines B et en min\u00e9raux comme le fer et le zinc, c'est une excellente source de nutrition. Les moutons sont \u00e9lev\u00e9s dans de nombreuses r\u00e9gions du monde et leur viande est utilis\u00e9e dans une vari\u00e9t\u00e9 de plats, des rago\u00fbts et grillades aux sauces traditionnelles. La laine de mouton est \u00e9galement utilis\u00e9e dans l'industrie textile pour la fabrication de v\u00eatements et de tapis.<\/p>","protected":false},"excerpt":{"rendered":"<p>Le mouton est un animal d'\u00e9levage \u00e9lev\u00e9 principalement pour sa viande, riche en prot\u00e9ines, vitamines et min\u00e9raux. Sa viande, en particulier l'agneau, est couramment utilis\u00e9e dans divers plats traditionnels et est appr\u00e9ci\u00e9e pour sa texture tendre et sa saveur distincte.<\/p>","protected":false},"featured_media":5092,"comment_status":"open","ping_status":"closed","template":"","meta":{"om_disable_all_campaigns":false,"pagelayer_contact_templates":[],"_pagelayer_content":""},"product_brand":[],"product_cat":[84,86],"product_tag":[115,114],"class_list":{"0":"post-5091","1":"product","2":"type-product","3":"status-publish","4":"has-post-thumbnail","6":"product_cat-cattle","7":"product_cat-sheep","8":"product_tag-cattle","9":"product_tag-sheep","11":"first","12":"instock","13":"shipping-taxable","14":"purchasable","15":"product-type-simple"},"jetpack_sharing_enabled":true,"_links":{"self":[{"href":"https:\/\/staging.gajolivestock.com\/fr\/wp-json\/wp\/v2\/product\/5091","targetHints":{"allow":["GET"]}}],"collection":[{"href":"https:\/\/staging.gajolivestock.com\/fr\/wp-json\/wp\/v2\/product"}],"about":[{"href":"https:\/\/staging.gajolivestock.com\/fr\/wp-json\/wp\/v2\/types\/product"}],"replies":[{"embeddable":true,"href":"https:\/\/staging.gajolivestock.com\/fr\/wp-json\/wp\/v2\/comments?post=5091"}],"wp:featuredmedia":[{"embeddable":true,"href":"https:\/\/staging.gajolivestock.com\/fr\/wp-json\/wp\/v2\/media\/5092"}],"wp:attachment":[{"href":"https:\/\/staging.gajolivestock.com\/fr\/wp-json\/wp\/v2\/media?parent=5091"}],"wp:term":[{"taxonomy":"product_brand","embeddable":true,"href":"https:\/\/staging.gajolivestock.com\/fr\/wp-json\/wp\/v2\/product_brand?post=5091"},{"taxonomy":"product_cat","embeddable":true,"href":"https:\/\/staging.gajolivestock.com\/fr\/wp-json\/wp\/v2\/product_cat?post=5091"},{"taxonomy":"product_tag","embeddable":true,"href":"https:\/\/staging.gajolivestock.com\/fr\/wp-json\/wp\/v2\/product_tag?post=5091"}],"curies":[{"name":"wp","href":"https:\/\/api.w.org\/{rel}","templated":true}]}}