{"id":5095,"date":"2025-01-16T17:59:16","date_gmt":"2025-01-16T17:59:16","guid":{"rendered":"https:\/\/staging.gajolivestock.com\/?post_type=product&#038;p=5095"},"modified":"2025-02-01T11:06:22","modified_gmt":"2025-02-01T11:06:22","slug":"cow","status":"publish","type":"product","link":"https:\/\/staging.gajolivestock.com\/fr\/produit\/cow\/","title":{"rendered":"Ndama"},"content":{"rendered":"<p>Ce b\u00e9tail de taille moyenne est appr\u00e9ci\u00e9 pour sa r\u00e9silience, sa r\u00e9sistance aux maladies transmises par les mouches ts\u00e9-ts\u00e9 et sa capacit\u00e9 \u00e0 produire une viande de qualit\u00e9. Le N\u2019dama est \u00e9galement utilis\u00e9 pour les travaux agricoles en raison de sa force et de son endurance. Sa rusticit\u00e9 le rend tr\u00e8s recherch\u00e9 dans les r\u00e9gions aux conditions climatiques et sanitaires difficiles.<\/p>\n<p>&nbsp;<\/p>","protected":false},"excerpt":{"rendered":"<p>Le bovin N\u2019dama est r\u00e9put\u00e9 pour sa r\u00e9sistance exceptionnelle \u00e0 la trypanosomiase et sa capacit\u00e9 \u00e0 prosp\u00e9rer dans des environnements difficiles.<\/p>\n<p>&nbsp;<\/p>","protected":false},"featured_media":6978,"comment_status":"open","ping_status":"closed","template":"","meta":{"om_disable_all_campaigns":false,"pagelayer_contact_templates":[],"_pagelayer_content":""},"product_brand":[],"product_cat":[89],"product_tag":[127],"class_list":{"0":"post-5095","1":"product","2":"type-product","3":"status-publish","4":"has-post-thumbnail","6":"product_cat-beef","7":"product_tag-beef","9":"first","10":"instock","11":"shipping-taxable","12":"purchasable","13":"product-type-simple"},"jetpack_sharing_enabled":true,"_links":{"self":[{"href":"https:\/\/staging.gajolivestock.com\/fr\/wp-json\/wp\/v2\/product\/5095","targetHints":{"allow":["GET"]}}],"collection":[{"href":"https:\/\/staging.gajolivestock.com\/fr\/wp-json\/wp\/v2\/product"}],"about":[{"href":"https:\/\/staging.gajolivestock.com\/fr\/wp-json\/wp\/v2\/types\/product"}],"replies":[{"embeddable":true,"href":"https:\/\/staging.gajolivestock.com\/fr\/wp-json\/wp\/v2\/comments?post=5095"}],"wp:featuredmedia":[{"embeddable":true,"href":"https:\/\/staging.gajolivestock.com\/fr\/wp-json\/wp\/v2\/media\/6978"}],"wp:attachment":[{"href":"https:\/\/staging.gajolivestock.com\/fr\/wp-json\/wp\/v2\/media?parent=5095"}],"wp:term":[{"taxonomy":"product_brand","embeddable":true,"href":"https:\/\/staging.gajolivestock.com\/fr\/wp-json\/wp\/v2\/product_brand?post=5095"},{"taxonomy":"product_cat","embeddable":true,"href":"https:\/\/staging.gajolivestock.com\/fr\/wp-json\/wp\/v2\/product_cat?post=5095"},{"taxonomy":"product_tag","embeddable":true,"href":"https:\/\/staging.gajolivestock.com\/fr\/wp-json\/wp\/v2\/product_tag?post=5095"}],"curies":[{"name":"wp","href":"https:\/\/api.w.org\/{rel}","templated":true}]}}