{"id":5098,"date":"2025-01-16T18:07:44","date_gmt":"2025-01-16T18:07:44","guid":{"rendered":"https:\/\/staging.gajolivestock.com\/?post_type=product&#038;p=5098"},"modified":"2025-02-07T16:41:06","modified_gmt":"2025-02-07T16:41:06","slug":"smoked-cod-fish","status":"publish","type":"product","link":"https:\/\/staging.gajolivestock.com\/fr\/produit\/smoked-cod-fish\/","title":{"rendered":"Morue Fum\u00e9e"},"content":{"rendered":"<p>Il contient \u00e9galement des vitamines B, notamment la vitamine B12, et des min\u00e9raux essentiels comme le s\u00e9l\u00e9nium et le phosphore, qui soutiennent le syst\u00e8me immunitaire et la sant\u00e9 des os. La morue fum\u00e9e est polyvalente en cuisine et peut \u00eatre utilis\u00e9e dans une vari\u00e9t\u00e9 de plats, tels que des soupes, des salades ou des plats d'accompagnement.<\/p>\n<p>&nbsp;<\/p>","protected":false},"excerpt":{"rendered":"<p>Riche en prot\u00e9ines et en acides gras om\u00e9ga-3, la morue fum\u00e9e offre une saveur savoureuse et constitue un choix sain pour divers plats culinaires.<\/p>","protected":false},"featured_media":5099,"comment_status":"open","ping_status":"closed","template":"","meta":{"nf_dc_page":"","om_disable_all_campaigns":false,"pagelayer_contact_templates":[],"_pagelayer_content":""},"product_brand":[],"product_cat":[36],"product_tag":[112],"class_list":{"0":"post-5098","1":"product","2":"type-product","3":"status-publish","4":"has-post-thumbnail","6":"product_cat-fish-seafood","7":"product_tag-fish-seafood","9":"first","10":"instock","11":"shipping-taxable","12":"purchasable","13":"product-type-simple"},"jetpack_sharing_enabled":true,"_links":{"self":[{"href":"https:\/\/staging.gajolivestock.com\/fr\/wp-json\/wp\/v2\/product\/5098","targetHints":{"allow":["GET"]}}],"collection":[{"href":"https:\/\/staging.gajolivestock.com\/fr\/wp-json\/wp\/v2\/product"}],"about":[{"href":"https:\/\/staging.gajolivestock.com\/fr\/wp-json\/wp\/v2\/types\/product"}],"replies":[{"embeddable":true,"href":"https:\/\/staging.gajolivestock.com\/fr\/wp-json\/wp\/v2\/comments?post=5098"}],"wp:featuredmedia":[{"embeddable":true,"href":"https:\/\/staging.gajolivestock.com\/fr\/wp-json\/wp\/v2\/media\/5099"}],"wp:attachment":[{"href":"https:\/\/staging.gajolivestock.com\/fr\/wp-json\/wp\/v2\/media?parent=5098"}],"wp:term":[{"taxonomy":"product_brand","embeddable":true,"href":"https:\/\/staging.gajolivestock.com\/fr\/wp-json\/wp\/v2\/product_brand?post=5098"},{"taxonomy":"product_cat","embeddable":true,"href":"https:\/\/staging.gajolivestock.com\/fr\/wp-json\/wp\/v2\/product_cat?post=5098"},{"taxonomy":"product_tag","embeddable":true,"href":"https:\/\/staging.gajolivestock.com\/fr\/wp-json\/wp\/v2\/product_tag?post=5098"}],"curies":[{"name":"wp","href":"https:\/\/api.w.org\/{rel}","templated":true}]}}