{"id":5105,"date":"2025-01-16T18:20:27","date_gmt":"2025-01-16T18:20:27","guid":{"rendered":"https:\/\/staging.gajolivestock.com\/?post_type=product&#038;p=5105"},"modified":"2025-02-01T11:39:48","modified_gmt":"2025-02-01T11:39:48","slug":"whole-duck","status":"publish","type":"product","link":"https:\/\/staging.gajolivestock.com\/fr\/produit\/whole-duck\/","title":{"rendered":"Canard Entier"},"content":{"rendered":"<p>Cette viande est particuli\u00e8rement appr\u00e9ci\u00e9e dans les plats gastronomiques, qu'elle soit r\u00f4tie, confite ou pr\u00e9par\u00e9e avec une sauce \u00e0 l'orange. En plus de sa viande, le canard fournit du foie gras, un mets culinaire tr\u00e8s recherch\u00e9. C'est \u00e9galement une bonne source de fer et de vitamines B, favorisant la production d'\u00e9nergie et le transport de l'oxyg\u00e8ne dans le corps.<\/p>\n<p>&nbsp;<\/p>","protected":false},"excerpt":{"rendered":"<p>Le canard est une volaille savoureuse, riche en prot\u00e9ines et l\u00e9g\u00e8rement plus grasse que le poulet, offrant une viande tendre et juteuse.<\/p>","protected":false},"featured_media":5106,"comment_status":"open","ping_status":"closed","template":"","meta":{"om_disable_all_campaigns":false,"pagelayer_contact_templates":[],"_pagelayer_content":""},"product_brand":[],"product_cat":[84,48],"product_tag":[115,113],"class_list":{"0":"post-5105","1":"product","2":"type-product","3":"status-publish","4":"has-post-thumbnail","6":"product_cat-cattle","7":"product_cat-meat-poultry","8":"product_tag-cattle","9":"product_tag-meat-poultry","11":"first","12":"instock","13":"shipping-taxable","14":"purchasable","15":"product-type-simple"},"jetpack_sharing_enabled":true,"_links":{"self":[{"href":"https:\/\/staging.gajolivestock.com\/fr\/wp-json\/wp\/v2\/product\/5105","targetHints":{"allow":["GET"]}}],"collection":[{"href":"https:\/\/staging.gajolivestock.com\/fr\/wp-json\/wp\/v2\/product"}],"about":[{"href":"https:\/\/staging.gajolivestock.com\/fr\/wp-json\/wp\/v2\/types\/product"}],"replies":[{"embeddable":true,"href":"https:\/\/staging.gajolivestock.com\/fr\/wp-json\/wp\/v2\/comments?post=5105"}],"wp:featuredmedia":[{"embeddable":true,"href":"https:\/\/staging.gajolivestock.com\/fr\/wp-json\/wp\/v2\/media\/5106"}],"wp:attachment":[{"href":"https:\/\/staging.gajolivestock.com\/fr\/wp-json\/wp\/v2\/media?parent=5105"}],"wp:term":[{"taxonomy":"product_brand","embeddable":true,"href":"https:\/\/staging.gajolivestock.com\/fr\/wp-json\/wp\/v2\/product_brand?post=5105"},{"taxonomy":"product_cat","embeddable":true,"href":"https:\/\/staging.gajolivestock.com\/fr\/wp-json\/wp\/v2\/product_cat?post=5105"},{"taxonomy":"product_tag","embeddable":true,"href":"https:\/\/staging.gajolivestock.com\/fr\/wp-json\/wp\/v2\/product_tag?post=5105"}],"curies":[{"name":"wp","href":"https:\/\/api.w.org\/{rel}","templated":true}]}}