{"id":5108,"date":"2025-01-16T18:24:55","date_gmt":"2025-01-16T18:24:55","guid":{"rendered":"https:\/\/staging.gajolivestock.com\/?post_type=product&#038;p=5108"},"modified":"2025-02-01T11:37:16","modified_gmt":"2025-02-01T11:37:16","slug":"white-peacock","status":"publish","type":"product","link":"https:\/\/staging.gajolivestock.com\/fr\/produit\/white-peacock\/","title":{"rendered":"Paon"},"content":{"rendered":"<p>Il est tendre, avec une saveur l\u00e9g\u00e8rement sucr\u00e9e semblable \u00e0 celle du faisan. Riche en prot\u00e9ines et faible en gras, la viande de paon est \u00e9galement une bonne source de vitamines et de min\u00e9raux essentiels. En cuisine, il est souvent r\u00f4ti, mijot\u00e9 ou grill\u00e9, accompagn\u00e9 d'herbes aromatiques et de l\u00e9gumes.<\/p>\n<p>&nbsp;<\/p>","protected":false},"excerpt":{"rendered":"<p>La viande de paon est riche en prot\u00e9ines de haute qualit\u00e9 et faible en gras. Il contient \u00e9galement des vitamines B (notamment B6 et B12) qui soutiennent le m\u00e9tabolisme \u00e9nerg\u00e9tique et la sant\u00e9 nerveuse, ainsi que des min\u00e9raux comme le fer et le zinc, essentiels \u00e0 l'immunit\u00e9 et \u00e0 la r\u00e9g\u00e9n\u00e9ration cellulaire.<\/p>\n<p>&nbsp;<\/p>","protected":false},"featured_media":5807,"comment_status":"open","ping_status":"closed","template":"","meta":{"om_disable_all_campaigns":false,"pagelayer_contact_templates":[],"_pagelayer_content":""},"product_brand":[],"product_cat":[48],"product_tag":[113],"class_list":{"0":"post-5108","1":"product","2":"type-product","3":"status-publish","4":"has-post-thumbnail","6":"product_cat-meat-poultry","7":"product_tag-meat-poultry","9":"first","10":"instock","11":"shipping-taxable","12":"purchasable","13":"product-type-simple"},"jetpack_sharing_enabled":true,"_links":{"self":[{"href":"https:\/\/staging.gajolivestock.com\/fr\/wp-json\/wp\/v2\/product\/5108","targetHints":{"allow":["GET"]}}],"collection":[{"href":"https:\/\/staging.gajolivestock.com\/fr\/wp-json\/wp\/v2\/product"}],"about":[{"href":"https:\/\/staging.gajolivestock.com\/fr\/wp-json\/wp\/v2\/types\/product"}],"replies":[{"embeddable":true,"href":"https:\/\/staging.gajolivestock.com\/fr\/wp-json\/wp\/v2\/comments?post=5108"}],"wp:featuredmedia":[{"embeddable":true,"href":"https:\/\/staging.gajolivestock.com\/fr\/wp-json\/wp\/v2\/media\/5807"}],"wp:attachment":[{"href":"https:\/\/staging.gajolivestock.com\/fr\/wp-json\/wp\/v2\/media?parent=5108"}],"wp:term":[{"taxonomy":"product_brand","embeddable":true,"href":"https:\/\/staging.gajolivestock.com\/fr\/wp-json\/wp\/v2\/product_brand?post=5108"},{"taxonomy":"product_cat","embeddable":true,"href":"https:\/\/staging.gajolivestock.com\/fr\/wp-json\/wp\/v2\/product_cat?post=5108"},{"taxonomy":"product_tag","embeddable":true,"href":"https:\/\/staging.gajolivestock.com\/fr\/wp-json\/wp\/v2\/product_tag?post=5108"}],"curies":[{"name":"wp","href":"https:\/\/api.w.org\/{rel}","templated":true}]}}