{"id":5127,"date":"2025-01-17T11:31:05","date_gmt":"2025-01-17T11:31:05","guid":{"rendered":"https:\/\/staging.gajolivestock.com\/?post_type=product&#038;p=5127"},"modified":"2025-02-06T06:03:36","modified_gmt":"2025-02-06T06:03:36","slug":"corn","status":"publish","type":"product","link":"https:\/\/staging.gajolivestock.com\/fr\/produit\/corn\/","title":{"rendered":"Ma\u00efs"},"content":{"rendered":"<p>Le ma\u00efs est une source importante de glucides, principalement d\u2019amidon, et constitue un bon approvisionnement \u00e9nerg\u00e9tique pour les animaux. Il contient \u00e9galement des prot\u00e9ines, des fibres, des vitamines (notamment des vitamines B, dont la thiamine) et des min\u00e9raux comme le magn\u00e9sium et le fer.<\/p>","protected":false},"excerpt":{"rendered":"<p>Le ma\u00efs est un aliment de base couramment utilis\u00e9 dans l\u2019alimentation animale, en particulier pour la volaille, les porcs et autres animaux d\u2019\u00e9levage. Il fournit une \u00e9nergie de haute qualit\u00e9 gr\u00e2ce \u00e0 sa teneur en glucides tout en offrant des nutriments essentiels \u00e0 la croissance et au d\u00e9veloppement des animaux.<\/p>","protected":false},"featured_media":5119,"comment_status":"open","ping_status":"closed","template":"","meta":{"om_disable_all_campaigns":false,"pagelayer_contact_templates":[],"_pagelayer_content":""},"product_brand":[],"product_cat":[85],"product_tag":[111],"class_list":{"0":"post-5127","1":"product","2":"type-product","3":"status-publish","4":"has-post-thumbnail","6":"product_cat-animal-feed-supplements","7":"product_tag-animal-feed-supplements","9":"first","10":"instock","11":"shipping-taxable","12":"purchasable","13":"product-type-simple"},"jetpack_sharing_enabled":true,"_links":{"self":[{"href":"https:\/\/staging.gajolivestock.com\/fr\/wp-json\/wp\/v2\/product\/5127","targetHints":{"allow":["GET"]}}],"collection":[{"href":"https:\/\/staging.gajolivestock.com\/fr\/wp-json\/wp\/v2\/product"}],"about":[{"href":"https:\/\/staging.gajolivestock.com\/fr\/wp-json\/wp\/v2\/types\/product"}],"replies":[{"embeddable":true,"href":"https:\/\/staging.gajolivestock.com\/fr\/wp-json\/wp\/v2\/comments?post=5127"}],"wp:featuredmedia":[{"embeddable":true,"href":"https:\/\/staging.gajolivestock.com\/fr\/wp-json\/wp\/v2\/media\/5119"}],"wp:attachment":[{"href":"https:\/\/staging.gajolivestock.com\/fr\/wp-json\/wp\/v2\/media?parent=5127"}],"wp:term":[{"taxonomy":"product_brand","embeddable":true,"href":"https:\/\/staging.gajolivestock.com\/fr\/wp-json\/wp\/v2\/product_brand?post=5127"},{"taxonomy":"product_cat","embeddable":true,"href":"https:\/\/staging.gajolivestock.com\/fr\/wp-json\/wp\/v2\/product_cat?post=5127"},{"taxonomy":"product_tag","embeddable":true,"href":"https:\/\/staging.gajolivestock.com\/fr\/wp-json\/wp\/v2\/product_tag?post=5127"}],"curies":[{"name":"wp","href":"https:\/\/api.w.org\/{rel}","templated":true}]}}