{"id":5132,"date":"2025-01-17T11:56:25","date_gmt":"2025-01-17T11:56:25","guid":{"rendered":"https:\/\/staging.gajolivestock.com\/?post_type=product&#038;p=5132"},"modified":"2025-02-06T19:59:49","modified_gmt":"2025-02-06T19:59:49","slug":"soy","status":"publish","type":"product","link":"https:\/\/staging.gajolivestock.com\/fr\/produit\/soy\/","title":{"rendered":"soja"},"content":{"rendered":"<p style=\"text-align: left;\">Plante rustique, le soja est \u00e9galement b\u00e9n\u00e9fique pour les sols gr\u00e2ce \u00e0 sa capacit\u00e9 \u00e0 fixer l'azote, ce qui am\u00e9liore leur fertilit\u00e9.<\/p>\n<p style=\"text-align: center;\">","protected":false},"excerpt":{"rendered":"<p>Le soja est une l\u00e9gumineuse originaire d'Asie, cultiv\u00e9e pour ses graines riches en prot\u00e9ines et en huile.<\/p>","protected":false},"featured_media":5135,"comment_status":"open","ping_status":"closed","template":"","meta":{"om_disable_all_campaigns":false,"pagelayer_contact_templates":[],"_pagelayer_content":""},"product_brand":[],"product_cat":[85],"product_tag":[],"class_list":{"0":"post-5132","1":"product","2":"type-product","3":"status-publish","4":"has-post-thumbnail","6":"product_cat-animal-feed-supplements","8":"first","9":"instock","10":"shipping-taxable","11":"purchasable","12":"product-type-simple"},"jetpack_sharing_enabled":true,"_links":{"self":[{"href":"https:\/\/staging.gajolivestock.com\/fr\/wp-json\/wp\/v2\/product\/5132","targetHints":{"allow":["GET"]}}],"collection":[{"href":"https:\/\/staging.gajolivestock.com\/fr\/wp-json\/wp\/v2\/product"}],"about":[{"href":"https:\/\/staging.gajolivestock.com\/fr\/wp-json\/wp\/v2\/types\/product"}],"replies":[{"embeddable":true,"href":"https:\/\/staging.gajolivestock.com\/fr\/wp-json\/wp\/v2\/comments?post=5132"}],"wp:featuredmedia":[{"embeddable":true,"href":"https:\/\/staging.gajolivestock.com\/fr\/wp-json\/wp\/v2\/media\/5135"}],"wp:attachment":[{"href":"https:\/\/staging.gajolivestock.com\/fr\/wp-json\/wp\/v2\/media?parent=5132"}],"wp:term":[{"taxonomy":"product_brand","embeddable":true,"href":"https:\/\/staging.gajolivestock.com\/fr\/wp-json\/wp\/v2\/product_brand?post=5132"},{"taxonomy":"product_cat","embeddable":true,"href":"https:\/\/staging.gajolivestock.com\/fr\/wp-json\/wp\/v2\/product_cat?post=5132"},{"taxonomy":"product_tag","embeddable":true,"href":"https:\/\/staging.gajolivestock.com\/fr\/wp-json\/wp\/v2\/product_tag?post=5132"}],"curies":[{"name":"wp","href":"https:\/\/api.w.org\/{rel}","templated":true}]}}