{"id":5136,"date":"2025-01-17T12:07:07","date_gmt":"2025-01-17T12:07:07","guid":{"rendered":"https:\/\/staging.gajolivestock.com\/?post_type=product&#038;p=5136"},"modified":"2025-02-05T21:34:53","modified_gmt":"2025-02-05T21:34:53","slug":"fish-meal","status":"publish","type":"product","link":"https:\/\/staging.gajolivestock.com\/fr\/produit\/fish-meal\/","title":{"rendered":"Farine de poisson"},"content":{"rendered":"<p>La farine de poisson est un sous-produit de la transformation du poisson ou des sous-produits de la p\u00eache. C'est une farine riche en prot\u00e9ines obtenue apr\u00e8s cuisson, pressage, s\u00e9chage et broyage de poissons ou de d\u00e9chets de poissons (os, t\u00eates, visc\u00e8res).<\/p>","protected":false},"excerpt":{"rendered":"<p>Riche en prot\u00e9ines (60-72%), acides amin\u00e9s essentiels, min\u00e9raux (calcium, phosphore) et acides gras om\u00e9ga-3<\/p>","protected":false},"featured_media":5125,"comment_status":"open","ping_status":"closed","template":"","meta":{"nf_dc_page":"","om_disable_all_campaigns":false,"pagelayer_contact_templates":[],"_pagelayer_content":""},"product_brand":[],"product_cat":[85],"product_tag":[111],"class_list":{"0":"post-5136","1":"product","2":"type-product","3":"status-publish","4":"has-post-thumbnail","6":"product_cat-animal-feed-supplements","7":"product_tag-animal-feed-supplements","9":"first","10":"instock","11":"shipping-taxable","12":"purchasable","13":"product-type-simple"},"jetpack_sharing_enabled":true,"_links":{"self":[{"href":"https:\/\/staging.gajolivestock.com\/fr\/wp-json\/wp\/v2\/product\/5136","targetHints":{"allow":["GET"]}}],"collection":[{"href":"https:\/\/staging.gajolivestock.com\/fr\/wp-json\/wp\/v2\/product"}],"about":[{"href":"https:\/\/staging.gajolivestock.com\/fr\/wp-json\/wp\/v2\/types\/product"}],"replies":[{"embeddable":true,"href":"https:\/\/staging.gajolivestock.com\/fr\/wp-json\/wp\/v2\/comments?post=5136"}],"wp:featuredmedia":[{"embeddable":true,"href":"https:\/\/staging.gajolivestock.com\/fr\/wp-json\/wp\/v2\/media\/5125"}],"wp:attachment":[{"href":"https:\/\/staging.gajolivestock.com\/fr\/wp-json\/wp\/v2\/media?parent=5136"}],"wp:term":[{"taxonomy":"product_brand","embeddable":true,"href":"https:\/\/staging.gajolivestock.com\/fr\/wp-json\/wp\/v2\/product_brand?post=5136"},{"taxonomy":"product_cat","embeddable":true,"href":"https:\/\/staging.gajolivestock.com\/fr\/wp-json\/wp\/v2\/product_cat?post=5136"},{"taxonomy":"product_tag","embeddable":true,"href":"https:\/\/staging.gajolivestock.com\/fr\/wp-json\/wp\/v2\/product_tag?post=5136"}],"curies":[{"name":"wp","href":"https:\/\/api.w.org\/{rel}","templated":true}]}}