{"id":5156,"date":"2025-01-17T12:25:11","date_gmt":"2025-01-17T12:25:11","guid":{"rendered":"https:\/\/staging.gajolivestock.com\/?post_type=product&#038;p=5156"},"modified":"2025-02-06T20:04:39","modified_gmt":"2025-02-06T20:04:39","slug":"wheat-bran","status":"publish","type":"product","link":"https:\/\/staging.gajolivestock.com\/fr\/produit\/wheat-bran\/","title":{"rendered":"Son de bl\u00e9"},"content":{"rendered":"<p style=\"text-align: left;\">Le son de bl\u00e9 est un sous-produit obtenu lorsque le bl\u00e9 est moulu pour produire de la farine. C'est l'enveloppe externe du grain de bl\u00e9, riche en fibres et en nutriments, et largement utilis\u00e9e dans l'alimentation humaine et animale.<\/p>\n<p>&nbsp;<\/p>","protected":false},"excerpt":{"rendered":"<p>Contient des prot\u00e9ines (10-17%), des glucides, des min\u00e9raux (fer, magn\u00e9sium, zinc) et des vitamines B.<\/p>","protected":false},"featured_media":5122,"comment_status":"open","ping_status":"closed","template":"","meta":{"nf_dc_page":"","om_disable_all_campaigns":false,"pagelayer_contact_templates":[],"_pagelayer_content":""},"product_brand":[],"product_cat":[85],"product_tag":[111],"class_list":{"0":"post-5156","1":"product","2":"type-product","3":"status-publish","4":"has-post-thumbnail","6":"product_cat-animal-feed-supplements","7":"product_tag-animal-feed-supplements","9":"first","10":"instock","11":"shipping-taxable","12":"purchasable","13":"product-type-simple"},"jetpack_sharing_enabled":true,"_links":{"self":[{"href":"https:\/\/staging.gajolivestock.com\/fr\/wp-json\/wp\/v2\/product\/5156","targetHints":{"allow":["GET"]}}],"collection":[{"href":"https:\/\/staging.gajolivestock.com\/fr\/wp-json\/wp\/v2\/product"}],"about":[{"href":"https:\/\/staging.gajolivestock.com\/fr\/wp-json\/wp\/v2\/types\/product"}],"replies":[{"embeddable":true,"href":"https:\/\/staging.gajolivestock.com\/fr\/wp-json\/wp\/v2\/comments?post=5156"}],"wp:featuredmedia":[{"embeddable":true,"href":"https:\/\/staging.gajolivestock.com\/fr\/wp-json\/wp\/v2\/media\/5122"}],"wp:attachment":[{"href":"https:\/\/staging.gajolivestock.com\/fr\/wp-json\/wp\/v2\/media?parent=5156"}],"wp:term":[{"taxonomy":"product_brand","embeddable":true,"href":"https:\/\/staging.gajolivestock.com\/fr\/wp-json\/wp\/v2\/product_brand?post=5156"},{"taxonomy":"product_cat","embeddable":true,"href":"https:\/\/staging.gajolivestock.com\/fr\/wp-json\/wp\/v2\/product_cat?post=5156"},{"taxonomy":"product_tag","embeddable":true,"href":"https:\/\/staging.gajolivestock.com\/fr\/wp-json\/wp\/v2\/product_tag?post=5156"}],"curies":[{"name":"wp","href":"https:\/\/api.w.org\/{rel}","templated":true}]}}