{"id":5165,"date":"2025-01-17T12:51:50","date_gmt":"2025-01-17T12:51:50","guid":{"rendered":"https:\/\/staging.gajolivestock.com\/?post_type=product&#038;p=5165"},"modified":"2025-02-05T21:21:47","modified_gmt":"2025-02-05T21:21:47","slug":"corn-bran","status":"publish","type":"product","link":"https:\/\/staging.gajolivestock.com\/fr\/produit\/corn-bran\/","title":{"rendered":"Son de ma\u00efs"},"content":{"rendered":"<p>Le son de ma\u00efs est riche en fibres alimentaires, ce qui favorise une bonne digestion chez les animaux. Il contient \u00e9galement des prot\u00e9ines, des glucides complexes, des vitamines B et des min\u00e9raux comme le fer, le magn\u00e9sium et le zinc.<\/p>","protected":false},"excerpt":{"rendered":"<p>Le son de ma\u00efs est un sous-produit de la mouture du ma\u00efs, couramment utilis\u00e9 dans l'alimentation animale. Il est appr\u00e9ci\u00e9 pour sa teneur \u00e9lev\u00e9e en fibres, ce qui le rend id\u00e9al pour am\u00e9liorer la digestion des animaux.<\/p>","protected":false},"featured_media":5123,"comment_status":"open","ping_status":"closed","template":"","meta":{"om_disable_all_campaigns":false,"pagelayer_contact_templates":[],"_pagelayer_content":""},"product_brand":[],"product_cat":[85],"product_tag":[111],"class_list":{"0":"post-5165","1":"product","2":"type-product","3":"status-publish","4":"has-post-thumbnail","6":"product_cat-animal-feed-supplements","7":"product_tag-animal-feed-supplements","9":"first","10":"instock","11":"shipping-taxable","12":"purchasable","13":"product-type-simple"},"jetpack_sharing_enabled":true,"_links":{"self":[{"href":"https:\/\/staging.gajolivestock.com\/fr\/wp-json\/wp\/v2\/product\/5165","targetHints":{"allow":["GET"]}}],"collection":[{"href":"https:\/\/staging.gajolivestock.com\/fr\/wp-json\/wp\/v2\/product"}],"about":[{"href":"https:\/\/staging.gajolivestock.com\/fr\/wp-json\/wp\/v2\/types\/product"}],"replies":[{"embeddable":true,"href":"https:\/\/staging.gajolivestock.com\/fr\/wp-json\/wp\/v2\/comments?post=5165"}],"wp:featuredmedia":[{"embeddable":true,"href":"https:\/\/staging.gajolivestock.com\/fr\/wp-json\/wp\/v2\/media\/5123"}],"wp:attachment":[{"href":"https:\/\/staging.gajolivestock.com\/fr\/wp-json\/wp\/v2\/media?parent=5165"}],"wp:term":[{"taxonomy":"product_brand","embeddable":true,"href":"https:\/\/staging.gajolivestock.com\/fr\/wp-json\/wp\/v2\/product_brand?post=5165"},{"taxonomy":"product_cat","embeddable":true,"href":"https:\/\/staging.gajolivestock.com\/fr\/wp-json\/wp\/v2\/product_cat?post=5165"},{"taxonomy":"product_tag","embeddable":true,"href":"https:\/\/staging.gajolivestock.com\/fr\/wp-json\/wp\/v2\/product_tag?post=5165"}],"curies":[{"name":"wp","href":"https:\/\/api.w.org\/{rel}","templated":true}]}}