{"id":5167,"date":"2025-01-17T12:57:28","date_gmt":"2025-01-17T12:57:28","guid":{"rendered":"https:\/\/staging.gajolivestock.com\/?post_type=product&#038;p=5167"},"modified":"2025-02-06T19:50:54","modified_gmt":"2025-02-06T19:50:54","slug":"piglet-milk","status":"publish","type":"product","link":"https:\/\/staging.gajolivestock.com\/fr\/produit\/piglet-milk\/","title":{"rendered":"Lait de porcelet"},"content":{"rendered":"<p style=\"text-align: left;\">Le lait de porcelet est de couleur blanche, avec une texture l\u00e9g\u00e8rement cr\u00e9meuse, mais il est g\u00e9n\u00e9ralement plus fluide que le lait de vache. Il peut avoir une consistance l\u00e9g\u00e8rement plus l\u00e9g\u00e8re, bien que cela varie en fonction de la truie et de son alimentation.<\/p>\n<p style=\"text-align: center;\">","protected":false},"excerpt":{"rendered":"<p>Il contient des vitamines A, D et des min\u00e9raux tels que le calcium et le phosphore, n\u00e9cessaires au d\u00e9veloppement osseux et \u00e0 la croissance g\u00e9n\u00e9rale des porcelets.<\/p>","protected":false},"featured_media":5171,"comment_status":"open","ping_status":"closed","template":"","meta":{"nf_dc_page":"","om_disable_all_campaigns":false,"pagelayer_contact_templates":[],"_pagelayer_content":""},"product_brand":[],"product_cat":[85],"product_tag":[111],"class_list":{"0":"post-5167","1":"product","2":"type-product","3":"status-publish","4":"has-post-thumbnail","6":"product_cat-animal-feed-supplements","7":"product_tag-animal-feed-supplements","9":"first","10":"instock","11":"shipping-taxable","12":"purchasable","13":"product-type-simple"},"jetpack_sharing_enabled":true,"_links":{"self":[{"href":"https:\/\/staging.gajolivestock.com\/fr\/wp-json\/wp\/v2\/product\/5167","targetHints":{"allow":["GET"]}}],"collection":[{"href":"https:\/\/staging.gajolivestock.com\/fr\/wp-json\/wp\/v2\/product"}],"about":[{"href":"https:\/\/staging.gajolivestock.com\/fr\/wp-json\/wp\/v2\/types\/product"}],"replies":[{"embeddable":true,"href":"https:\/\/staging.gajolivestock.com\/fr\/wp-json\/wp\/v2\/comments?post=5167"}],"wp:featuredmedia":[{"embeddable":true,"href":"https:\/\/staging.gajolivestock.com\/fr\/wp-json\/wp\/v2\/media\/5171"}],"wp:attachment":[{"href":"https:\/\/staging.gajolivestock.com\/fr\/wp-json\/wp\/v2\/media?parent=5167"}],"wp:term":[{"taxonomy":"product_brand","embeddable":true,"href":"https:\/\/staging.gajolivestock.com\/fr\/wp-json\/wp\/v2\/product_brand?post=5167"},{"taxonomy":"product_cat","embeddable":true,"href":"https:\/\/staging.gajolivestock.com\/fr\/wp-json\/wp\/v2\/product_cat?post=5167"},{"taxonomy":"product_tag","embeddable":true,"href":"https:\/\/staging.gajolivestock.com\/fr\/wp-json\/wp\/v2\/product_tag?post=5167"}],"curies":[{"name":"wp","href":"https:\/\/api.w.org\/{rel}","templated":true}]}}