{"id":5177,"date":"2025-01-17T13:25:50","date_gmt":"2025-01-17T13:25:50","guid":{"rendered":"https:\/\/staging.gajolivestock.com\/?post_type=product&#038;p=5177"},"modified":"2025-02-06T17:34:38","modified_gmt":"2025-02-06T17:34:38","slug":"food-blue-crown","status":"publish","type":"product","link":"https:\/\/staging.gajolivestock.com\/fr\/produit\/food-blue-crown\/","title":{"rendered":"Couronne bleue alimentaire"},"content":{"rendered":"<p style=\"text-align: left;\">L'aliment Blue Crown est une marque d'aliment extrud\u00e9 destin\u00e9 principalement \u00e0 l'aquaculture, notamment \u00e0 l'\u00e9levage du poisson-chat (tilapia). Ces granul\u00e9s flottants sont con\u00e7us pour favoriser une croissance saine et rapide des poissons.<\/p>\n<p style=\"text-align: center;\">","protected":false},"excerpt":{"rendered":"<p>Disponible en diff\u00e9rentes tailles de granul\u00e9s (2 mm, 3 mm, 4 mm, 6 mm, 9 mm) pour s'adapter \u00e0 l'\u00e2ge et \u00e0 la taille du poisson.<\/p>","protected":false},"featured_media":5168,"comment_status":"open","ping_status":"closed","template":"","meta":{"nf_dc_page":"","om_disable_all_campaigns":false,"pagelayer_contact_templates":[],"_pagelayer_content":""},"product_brand":[],"product_cat":[85],"product_tag":[111],"class_list":{"0":"post-5177","1":"product","2":"type-product","3":"status-publish","4":"has-post-thumbnail","6":"product_cat-animal-feed-supplements","7":"product_tag-animal-feed-supplements","9":"first","10":"instock","11":"shipping-taxable","12":"purchasable","13":"product-type-simple"},"jetpack_sharing_enabled":true,"_links":{"self":[{"href":"https:\/\/staging.gajolivestock.com\/fr\/wp-json\/wp\/v2\/product\/5177","targetHints":{"allow":["GET"]}}],"collection":[{"href":"https:\/\/staging.gajolivestock.com\/fr\/wp-json\/wp\/v2\/product"}],"about":[{"href":"https:\/\/staging.gajolivestock.com\/fr\/wp-json\/wp\/v2\/types\/product"}],"replies":[{"embeddable":true,"href":"https:\/\/staging.gajolivestock.com\/fr\/wp-json\/wp\/v2\/comments?post=5177"}],"wp:featuredmedia":[{"embeddable":true,"href":"https:\/\/staging.gajolivestock.com\/fr\/wp-json\/wp\/v2\/media\/5168"}],"wp:attachment":[{"href":"https:\/\/staging.gajolivestock.com\/fr\/wp-json\/wp\/v2\/media?parent=5177"}],"wp:term":[{"taxonomy":"product_brand","embeddable":true,"href":"https:\/\/staging.gajolivestock.com\/fr\/wp-json\/wp\/v2\/product_brand?post=5177"},{"taxonomy":"product_cat","embeddable":true,"href":"https:\/\/staging.gajolivestock.com\/fr\/wp-json\/wp\/v2\/product_cat?post=5177"},{"taxonomy":"product_tag","embeddable":true,"href":"https:\/\/staging.gajolivestock.com\/fr\/wp-json\/wp\/v2\/product_tag?post=5177"}],"curies":[{"name":"wp","href":"https:\/\/api.w.org\/{rel}","templated":true}]}}