{"id":5227,"date":"2025-01-17T14:47:14","date_gmt":"2025-01-17T14:47:14","guid":{"rendered":"https:\/\/staging.gajolivestock.com\/?post_type=product&#038;p=5227"},"modified":"2025-02-07T11:23:05","modified_gmt":"2025-02-07T11:23:05","slug":"traditional-farm-chicken","status":"publish","type":"product","link":"https:\/\/staging.gajolivestock.com\/fr\/produit\/traditional-farm-chicken\/","title":{"rendered":"Poulet fermier traditionnel"},"content":{"rendered":"<p>Il est appr\u00e9ci\u00e9 pour sa viande ferme, savoureuse et riche en go\u00fbt, qui diff\u00e8re de celle des poulets industriels. Sa chair est plus maigre et de texture plus dense, ce qui en fait un choix privil\u00e9gi\u00e9 pour les repas de famille et les occasions sp\u00e9ciales.<\/p>\n<p>&nbsp;<\/p>","protected":false},"excerpt":{"rendered":"<p>Le poulet fermier traditionnel est connu pour sa viande ferme et savoureuse et est souvent pr\u00e9f\u00e9r\u00e9 pour son go\u00fbt naturel. \u00c9lev\u00e9 dans un environnement en libert\u00e9, il offre une option plus saine et plus maigre que les poulets industriels.<\/p>","protected":false},"featured_media":5228,"comment_status":"open","ping_status":"closed","template":"","meta":{"om_disable_all_campaigns":false,"pagelayer_contact_templates":[],"_pagelayer_content":""},"product_brand":[],"product_cat":[83],"product_tag":[110],"class_list":{"0":"post-5227","1":"product","2":"type-product","3":"status-publish","4":"has-post-thumbnail","6":"product_cat-chicken","7":"product_tag-chicken","9":"first","10":"instock","11":"shipping-taxable","12":"purchasable","13":"product-type-simple"},"jetpack_sharing_enabled":true,"_links":{"self":[{"href":"https:\/\/staging.gajolivestock.com\/fr\/wp-json\/wp\/v2\/product\/5227","targetHints":{"allow":["GET"]}}],"collection":[{"href":"https:\/\/staging.gajolivestock.com\/fr\/wp-json\/wp\/v2\/product"}],"about":[{"href":"https:\/\/staging.gajolivestock.com\/fr\/wp-json\/wp\/v2\/types\/product"}],"replies":[{"embeddable":true,"href":"https:\/\/staging.gajolivestock.com\/fr\/wp-json\/wp\/v2\/comments?post=5227"}],"wp:featuredmedia":[{"embeddable":true,"href":"https:\/\/staging.gajolivestock.com\/fr\/wp-json\/wp\/v2\/media\/5228"}],"wp:attachment":[{"href":"https:\/\/staging.gajolivestock.com\/fr\/wp-json\/wp\/v2\/media?parent=5227"}],"wp:term":[{"taxonomy":"product_brand","embeddable":true,"href":"https:\/\/staging.gajolivestock.com\/fr\/wp-json\/wp\/v2\/product_brand?post=5227"},{"taxonomy":"product_cat","embeddable":true,"href":"https:\/\/staging.gajolivestock.com\/fr\/wp-json\/wp\/v2\/product_cat?post=5227"},{"taxonomy":"product_tag","embeddable":true,"href":"https:\/\/staging.gajolivestock.com\/fr\/wp-json\/wp\/v2\/product_tag?post=5227"}],"curies":[{"name":"wp","href":"https:\/\/api.w.org\/{rel}","templated":true}]}}