{"id":5272,"date":"2025-01-17T15:25:33","date_gmt":"2025-01-17T15:25:33","guid":{"rendered":"https:\/\/staging.gajolivestock.com\/?post_type=product&#038;p=5272"},"modified":"2025-02-01T11:12:34","modified_gmt":"2025-02-01T11:12:34","slug":"isa-brown-hen","status":"publish","type":"product","link":"https:\/\/staging.gajolivestock.com\/fr\/produit\/isa-brown-hen\/","title":{"rendered":"Poule Isa Brown"},"content":{"rendered":"<p>La poule Isa Brown est g\u00e9n\u00e9ralement \u00e9lev\u00e9e pour ses \u0153ufs bruns moyens \u00e0 gros. En plus de sa grande capacit\u00e9 de ponte, il est rustique et s'adapte bien \u00e0 divers environnements.<\/p>\n<p>&nbsp;<\/p>","protected":false},"excerpt":{"rendered":"<p>Sa viande est plus maigre et moins grasse que celle des autres races, ce qui la rend adapt\u00e9e \u00e0 la consommation domestique. Cette poule est \u00e9galement appr\u00e9ci\u00e9e pour sa croissance rapide, ce qui en fait un choix rentable pour l'\u00e9levage commercial.<\/p>","protected":false},"featured_media":5274,"comment_status":"open","ping_status":"closed","template":"","meta":{"om_disable_all_campaigns":false,"pagelayer_contact_templates":[],"_pagelayer_content":""},"product_brand":[],"product_cat":[83],"product_tag":[110],"class_list":{"0":"post-5272","1":"product","2":"type-product","3":"status-publish","4":"has-post-thumbnail","6":"product_cat-chicken","7":"product_tag-chicken","9":"first","10":"instock","11":"shipping-taxable","12":"purchasable","13":"product-type-simple"},"jetpack_sharing_enabled":true,"_links":{"self":[{"href":"https:\/\/staging.gajolivestock.com\/fr\/wp-json\/wp\/v2\/product\/5272","targetHints":{"allow":["GET"]}}],"collection":[{"href":"https:\/\/staging.gajolivestock.com\/fr\/wp-json\/wp\/v2\/product"}],"about":[{"href":"https:\/\/staging.gajolivestock.com\/fr\/wp-json\/wp\/v2\/types\/product"}],"replies":[{"embeddable":true,"href":"https:\/\/staging.gajolivestock.com\/fr\/wp-json\/wp\/v2\/comments?post=5272"}],"wp:featuredmedia":[{"embeddable":true,"href":"https:\/\/staging.gajolivestock.com\/fr\/wp-json\/wp\/v2\/media\/5274"}],"wp:attachment":[{"href":"https:\/\/staging.gajolivestock.com\/fr\/wp-json\/wp\/v2\/media?parent=5272"}],"wp:term":[{"taxonomy":"product_brand","embeddable":true,"href":"https:\/\/staging.gajolivestock.com\/fr\/wp-json\/wp\/v2\/product_brand?post=5272"},{"taxonomy":"product_cat","embeddable":true,"href":"https:\/\/staging.gajolivestock.com\/fr\/wp-json\/wp\/v2\/product_cat?post=5272"},{"taxonomy":"product_tag","embeddable":true,"href":"https:\/\/staging.gajolivestock.com\/fr\/wp-json\/wp\/v2\/product_tag?post=5272"}],"curies":[{"name":"wp","href":"https:\/\/api.w.org\/{rel}","templated":true}]}}