{"id":5306,"date":"2025-01-17T17:54:27","date_gmt":"2025-01-17T17:54:27","guid":{"rendered":"https:\/\/staging.gajolivestock.com\/?post_type=product&#038;p=5306"},"modified":"2025-02-01T17:52:16","modified_gmt":"2025-02-01T17:52:16","slug":"metal-waterer","status":"publish","type":"product","link":"https:\/\/staging.gajolivestock.com\/fr\/produit\/metal-waterer\/","title":{"rendered":"Abreuvoir en m\u00e9tal"},"content":{"rendered":"<p>Il est facile \u00e0 utiliser et comporte un bouchon de remplissage qui facilite le remplissage. Le nettoyer est \u00e9galement tr\u00e8s simple. Cet abreuvoir est \u00e9quip\u00e9 d'une poign\u00e9e en m\u00e9tal, permettant de le transporter facilement, m\u00eame lorsqu'il est plein. Vous pouvez le d\u00e9placer selon vos besoins sans aucune difficult\u00e9.<\/p>\n<p>&nbsp;<\/p>","protected":false},"excerpt":{"rendered":"<p>Facile \u00e0 utiliser, cet abreuvoir en m\u00e9tal est \u00e9quip\u00e9 d'une poign\u00e9e pratique pour un transport facile et d'un rabat pour un remplissage rapide.<\/p>","protected":false},"featured_media":5307,"comment_status":"open","ping_status":"closed","template":"","meta":{"om_disable_all_campaigns":false,"pagelayer_contact_templates":[],"_pagelayer_content":""},"product_brand":[],"product_cat":[88],"product_tag":[117],"class_list":{"0":"post-5306","1":"product","2":"type-product","3":"status-publish","4":"has-post-thumbnail","6":"product_cat-livestock-equipment","7":"product_tag-livestock-equipment","9":"first","10":"instock","11":"shipping-taxable","12":"purchasable","13":"product-type-simple"},"jetpack_sharing_enabled":true,"_links":{"self":[{"href":"https:\/\/staging.gajolivestock.com\/fr\/wp-json\/wp\/v2\/product\/5306","targetHints":{"allow":["GET"]}}],"collection":[{"href":"https:\/\/staging.gajolivestock.com\/fr\/wp-json\/wp\/v2\/product"}],"about":[{"href":"https:\/\/staging.gajolivestock.com\/fr\/wp-json\/wp\/v2\/types\/product"}],"replies":[{"embeddable":true,"href":"https:\/\/staging.gajolivestock.com\/fr\/wp-json\/wp\/v2\/comments?post=5306"}],"wp:featuredmedia":[{"embeddable":true,"href":"https:\/\/staging.gajolivestock.com\/fr\/wp-json\/wp\/v2\/media\/5307"}],"wp:attachment":[{"href":"https:\/\/staging.gajolivestock.com\/fr\/wp-json\/wp\/v2\/media?parent=5306"}],"wp:term":[{"taxonomy":"product_brand","embeddable":true,"href":"https:\/\/staging.gajolivestock.com\/fr\/wp-json\/wp\/v2\/product_brand?post=5306"},{"taxonomy":"product_cat","embeddable":true,"href":"https:\/\/staging.gajolivestock.com\/fr\/wp-json\/wp\/v2\/product_cat?post=5306"},{"taxonomy":"product_tag","embeddable":true,"href":"https:\/\/staging.gajolivestock.com\/fr\/wp-json\/wp\/v2\/product_tag?post=5306"}],"curies":[{"name":"wp","href":"https:\/\/api.w.org\/{rel}","templated":true}]}}