{"id":5310,"date":"2025-01-17T18:01:07","date_gmt":"2025-01-17T18:01:07","guid":{"rendered":"https:\/\/staging.gajolivestock.com\/?post_type=product&#038;p=5310"},"modified":"2025-02-03T07:04:43","modified_gmt":"2025-02-03T07:04:43","slug":"chicken-waterer","status":"publish","type":"product","link":"https:\/\/staging.gajolivestock.com\/fr\/produit\/chicken-waterer\/","title":{"rendered":"Abreuvoir automatique"},"content":{"rendered":"<p>Un abreuvoir automatique est un appareil con\u00e7u pour fournir de l\u2019eau aux animaux de mani\u00e8re continue et efficace. Il assure un approvisionnement constant en eau, r\u00e9duit les d\u00e9chets et maintient la propret\u00e9, ce qui le rend id\u00e9al pour la gestion du b\u00e9tail.<\/p>\n<p>&nbsp;<\/p>","protected":false},"excerpt":{"rendered":"<p>Un abreuvoir automatique fournit en permanence de l\u2019eau propre et fra\u00eeche aux animaux, am\u00e9liorant ainsi leur bien-\u00eatre et simplifiant la gestion de l\u2019exploitation.<\/p>","protected":false},"featured_media":5311,"comment_status":"open","ping_status":"closed","template":"","meta":{"nf_dc_page":"","om_disable_all_campaigns":false,"pagelayer_contact_templates":[],"_pagelayer_content":""},"product_brand":[],"product_cat":[88],"product_tag":[117],"class_list":{"0":"post-5310","1":"product","2":"type-product","3":"status-publish","4":"has-post-thumbnail","6":"product_cat-livestock-equipment","7":"product_tag-livestock-equipment","9":"first","10":"instock","11":"shipping-taxable","12":"purchasable","13":"product-type-simple"},"jetpack_sharing_enabled":true,"_links":{"self":[{"href":"https:\/\/staging.gajolivestock.com\/fr\/wp-json\/wp\/v2\/product\/5310","targetHints":{"allow":["GET"]}}],"collection":[{"href":"https:\/\/staging.gajolivestock.com\/fr\/wp-json\/wp\/v2\/product"}],"about":[{"href":"https:\/\/staging.gajolivestock.com\/fr\/wp-json\/wp\/v2\/types\/product"}],"replies":[{"embeddable":true,"href":"https:\/\/staging.gajolivestock.com\/fr\/wp-json\/wp\/v2\/comments?post=5310"}],"wp:featuredmedia":[{"embeddable":true,"href":"https:\/\/staging.gajolivestock.com\/fr\/wp-json\/wp\/v2\/media\/5311"}],"wp:attachment":[{"href":"https:\/\/staging.gajolivestock.com\/fr\/wp-json\/wp\/v2\/media?parent=5310"}],"wp:term":[{"taxonomy":"product_brand","embeddable":true,"href":"https:\/\/staging.gajolivestock.com\/fr\/wp-json\/wp\/v2\/product_brand?post=5310"},{"taxonomy":"product_cat","embeddable":true,"href":"https:\/\/staging.gajolivestock.com\/fr\/wp-json\/wp\/v2\/product_cat?post=5310"},{"taxonomy":"product_tag","embeddable":true,"href":"https:\/\/staging.gajolivestock.com\/fr\/wp-json\/wp\/v2\/product_tag?post=5310"}],"curies":[{"name":"wp","href":"https:\/\/api.w.org\/{rel}","templated":true}]}}