{"id":5315,"date":"2025-01-17T18:18:27","date_gmt":"2025-01-17T18:18:27","guid":{"rendered":"https:\/\/staging.gajolivestock.com\/?post_type=product&#038;p=5315"},"modified":"2025-02-01T17:28:01","modified_gmt":"2025-02-01T17:28:01","slug":"fermostock","status":"publish","type":"product","link":"https:\/\/staging.gajolivestock.com\/fr\/produit\/fermostock\/","title":{"rendered":"Fermostock"},"content":{"rendered":"<p>Le Fermostock, fabriqu\u00e9 en France, est un \u00e9quipement en polym\u00e8re de haute qualit\u00e9 con\u00e7u pour r\u00e9sister \u00e0 des temp\u00e9ratures extr\u00eames de -40\u00b0C \u00e0 +100\u00b0C. Id\u00e9al pour le rangement, ses plateaux amovibles sont faciles \u00e0 nettoyer, assurant une hygi\u00e8ne parfaite.<\/p>\n<p>&nbsp;<\/p>","protected":false},"excerpt":{"rendered":"<p>Avec ses \u00e9tag\u00e8res amovibles et faciles \u00e0 nettoyer, il assure une hygi\u00e8ne optimale et un rangement efficace. Il est id\u00e9al pour les fermes, les industries alimentaires ou tout autre secteur n\u00e9cessitant un stockage s\u00fbr et propre.<\/p>","protected":false},"featured_media":5316,"comment_status":"open","ping_status":"closed","template":"","meta":{"om_disable_all_campaigns":false,"pagelayer_contact_templates":[],"_pagelayer_content":""},"product_brand":[],"product_cat":[88],"product_tag":[117],"class_list":{"0":"post-5315","1":"product","2":"type-product","3":"status-publish","4":"has-post-thumbnail","6":"product_cat-livestock-equipment","7":"product_tag-livestock-equipment","9":"first","10":"instock","11":"shipping-taxable","12":"purchasable","13":"product-type-simple"},"jetpack_sharing_enabled":true,"_links":{"self":[{"href":"https:\/\/staging.gajolivestock.com\/fr\/wp-json\/wp\/v2\/product\/5315","targetHints":{"allow":["GET"]}}],"collection":[{"href":"https:\/\/staging.gajolivestock.com\/fr\/wp-json\/wp\/v2\/product"}],"about":[{"href":"https:\/\/staging.gajolivestock.com\/fr\/wp-json\/wp\/v2\/types\/product"}],"replies":[{"embeddable":true,"href":"https:\/\/staging.gajolivestock.com\/fr\/wp-json\/wp\/v2\/comments?post=5315"}],"wp:featuredmedia":[{"embeddable":true,"href":"https:\/\/staging.gajolivestock.com\/fr\/wp-json\/wp\/v2\/media\/5316"}],"wp:attachment":[{"href":"https:\/\/staging.gajolivestock.com\/fr\/wp-json\/wp\/v2\/media?parent=5315"}],"wp:term":[{"taxonomy":"product_brand","embeddable":true,"href":"https:\/\/staging.gajolivestock.com\/fr\/wp-json\/wp\/v2\/product_brand?post=5315"},{"taxonomy":"product_cat","embeddable":true,"href":"https:\/\/staging.gajolivestock.com\/fr\/wp-json\/wp\/v2\/product_cat?post=5315"},{"taxonomy":"product_tag","embeddable":true,"href":"https:\/\/staging.gajolivestock.com\/fr\/wp-json\/wp\/v2\/product_tag?post=5315"}],"curies":[{"name":"wp","href":"https:\/\/api.w.org\/{rel}","templated":true}]}}