{"id":5349,"date":"2025-01-18T08:24:24","date_gmt":"2025-01-18T08:24:24","guid":{"rendered":"https:\/\/staging.gajolivestock.com\/?post_type=product&#038;p=5349"},"modified":"2025-02-08T10:07:48","modified_gmt":"2025-02-08T10:07:48","slug":"outdoor-cattle-feeder","status":"publish","type":"product","link":"https:\/\/staging.gajolivestock.com\/fr\/produit\/outdoor-cattle-feeder\/","title":{"rendered":"La mangeoire ext\u00e9rieure pour le b\u00e9tail"},"content":{"rendered":"<p>La mangeoire ext\u00e9rieure pour b\u00e9tail est con\u00e7ue pour fournir une alimentation efficace et propre aux animaux dans les p\u00e2turages ou les enclos. Fabriqu\u00e9 \u00e0 partir de mat\u00e9riaux durables et r\u00e9sistants aux intemp\u00e9ries, il garantit des performances durables m\u00eame dans des conditions ext\u00e9rieures difficiles. Sa conception ergonomique minimise le gaspillage d\u2019aliments tout en assurant un acc\u00e8s facile au b\u00e9tail. Id\u00e9al pour les exploitations agricoles de toutes tailles, cet \u00e9quipement constitue un choix pratique pour maintenir des routines d'alimentation r\u00e9guli\u00e8res et efficaces.<\/p>","protected":false},"excerpt":{"rendered":"<p>Ces machines garantissent une efficacit\u00e9 et une facilit\u00e9 d\u2019utilisation maximales. Fabriqu\u00e9 avec des mat\u00e9riaux de haute qualit\u00e9, cet \u00e9quipement offre performance, durabilit\u00e9 et commodit\u00e9 dans le secteur de l'abattage de volailles.<\/p>","protected":false},"featured_media":5350,"comment_status":"open","ping_status":"closed","template":"","meta":{"nf_dc_page":"","om_disable_all_campaigns":false,"pagelayer_contact_templates":[],"_pagelayer_content":""},"product_brand":[],"product_cat":[88],"product_tag":[117],"class_list":{"0":"post-5349","1":"product","2":"type-product","3":"status-publish","4":"has-post-thumbnail","6":"product_cat-livestock-equipment","7":"product_tag-livestock-equipment","9":"first","10":"instock","11":"shipping-taxable","12":"purchasable","13":"product-type-simple"},"jetpack_sharing_enabled":true,"_links":{"self":[{"href":"https:\/\/staging.gajolivestock.com\/fr\/wp-json\/wp\/v2\/product\/5349","targetHints":{"allow":["GET"]}}],"collection":[{"href":"https:\/\/staging.gajolivestock.com\/fr\/wp-json\/wp\/v2\/product"}],"about":[{"href":"https:\/\/staging.gajolivestock.com\/fr\/wp-json\/wp\/v2\/types\/product"}],"replies":[{"embeddable":true,"href":"https:\/\/staging.gajolivestock.com\/fr\/wp-json\/wp\/v2\/comments?post=5349"}],"wp:featuredmedia":[{"embeddable":true,"href":"https:\/\/staging.gajolivestock.com\/fr\/wp-json\/wp\/v2\/media\/5350"}],"wp:attachment":[{"href":"https:\/\/staging.gajolivestock.com\/fr\/wp-json\/wp\/v2\/media?parent=5349"}],"wp:term":[{"taxonomy":"product_brand","embeddable":true,"href":"https:\/\/staging.gajolivestock.com\/fr\/wp-json\/wp\/v2\/product_brand?post=5349"},{"taxonomy":"product_cat","embeddable":true,"href":"https:\/\/staging.gajolivestock.com\/fr\/wp-json\/wp\/v2\/product_cat?post=5349"},{"taxonomy":"product_tag","embeddable":true,"href":"https:\/\/staging.gajolivestock.com\/fr\/wp-json\/wp\/v2\/product_tag?post=5349"}],"curies":[{"name":"wp","href":"https:\/\/api.w.org\/{rel}","templated":true}]}}