{"id":5355,"date":"2025-01-18T08:36:04","date_gmt":"2025-01-18T08:36:04","guid":{"rendered":"https:\/\/staging.gajolivestock.com\/?post_type=product&#038;p=5355"},"modified":"2025-02-01T17:02:37","modified_gmt":"2025-02-01T17:02:37","slug":"chicken-feeder","status":"publish","type":"product","link":"https:\/\/staging.gajolivestock.com\/fr\/produit\/chicken-feeder\/","title":{"rendered":"mangeoire pour poulets"},"content":{"rendered":"<p>La mangeoire pour poulets est con\u00e7ue pour fournir une alimentation r\u00e9guli\u00e8re et propre \u00e0 vos volailles. Avec une conception pratique et robuste, il permet de nourrir simultan\u00e9ment plusieurs poulets, \u00e9vitant ainsi le gaspillage et assurant une r\u00e9partition uniforme de la nourriture. Id\u00e9ale pour les poulets, dindes et autres petites volailles, cette mangeoire est facile \u00e0 remplir et \u00e0 nettoyer.<\/p>\n<p>&nbsp;<\/p>\n<p>&nbsp;<\/p>","protected":false},"excerpt":{"rendered":"<p>La mangeoire \u00e0 volailles, d'une capacit\u00e9 de 5 kg, peut nourrir jusqu'\u00e0 4 poules adultes simultan\u00e9ment ou 6 poules pendant une semaine. Id\u00e9al pour l'alimentation quotidienne des poules, canards, oies et autres volailles, il convient parfaitement aux voli\u00e8res et enclos.<\/p>","protected":false},"featured_media":5358,"comment_status":"open","ping_status":"closed","template":"","meta":{"nf_dc_page":"","om_disable_all_campaigns":false,"pagelayer_contact_templates":[],"_pagelayer_content":""},"product_brand":[],"product_cat":[88],"product_tag":[117],"class_list":{"0":"post-5355","1":"product","2":"type-product","3":"status-publish","4":"has-post-thumbnail","6":"product_cat-livestock-equipment","7":"product_tag-livestock-equipment","9":"first","10":"instock","11":"shipping-taxable","12":"purchasable","13":"product-type-simple"},"jetpack_sharing_enabled":true,"_links":{"self":[{"href":"https:\/\/staging.gajolivestock.com\/fr\/wp-json\/wp\/v2\/product\/5355","targetHints":{"allow":["GET"]}}],"collection":[{"href":"https:\/\/staging.gajolivestock.com\/fr\/wp-json\/wp\/v2\/product"}],"about":[{"href":"https:\/\/staging.gajolivestock.com\/fr\/wp-json\/wp\/v2\/types\/product"}],"replies":[{"embeddable":true,"href":"https:\/\/staging.gajolivestock.com\/fr\/wp-json\/wp\/v2\/comments?post=5355"}],"wp:featuredmedia":[{"embeddable":true,"href":"https:\/\/staging.gajolivestock.com\/fr\/wp-json\/wp\/v2\/media\/5358"}],"wp:attachment":[{"href":"https:\/\/staging.gajolivestock.com\/fr\/wp-json\/wp\/v2\/media?parent=5355"}],"wp:term":[{"taxonomy":"product_brand","embeddable":true,"href":"https:\/\/staging.gajolivestock.com\/fr\/wp-json\/wp\/v2\/product_brand?post=5355"},{"taxonomy":"product_cat","embeddable":true,"href":"https:\/\/staging.gajolivestock.com\/fr\/wp-json\/wp\/v2\/product_cat?post=5355"},{"taxonomy":"product_tag","embeddable":true,"href":"https:\/\/staging.gajolivestock.com\/fr\/wp-json\/wp\/v2\/product_tag?post=5355"}],"curies":[{"name":"wp","href":"https:\/\/api.w.org\/{rel}","templated":true}]}}