{"id":5364,"date":"2025-01-18T08:44:16","date_gmt":"2025-01-18T08:44:16","guid":{"rendered":"https:\/\/staging.gajolivestock.com\/?post_type=product&#038;p=5364"},"modified":"2025-02-01T16:58:22","modified_gmt":"2025-02-01T16:58:22","slug":"cattle-feeder","status":"publish","type":"product","link":"https:\/\/staging.gajolivestock.com\/fr\/produit\/cattle-feeder\/","title":{"rendered":"mangeoire pour b\u00e9tail"},"content":{"rendered":"<p>Cette mangeoire pour bovins est con\u00e7ue pour fournir une alimentation pratique et efficace \u00e0 vos animaux. Fabriqu\u00e9 en acier robuste, il r\u00e9siste aux conditions ext\u00e9rieures et assure une durabilit\u00e9 durable. Sa conception permet un acc\u00e8s facile au b\u00e9tail tout en r\u00e9duisant le gaspillage alimentaire. Il est id\u00e9al pour les fermes avec un grand nombre d\u2019animaux.<\/p>\n<p>&nbsp;<\/p>","protected":false},"excerpt":{"rendered":"<p>Cette mangeoire en acier galvanis\u00e9 est id\u00e9ale pour nourrir votre b\u00e9tail (veaux, vaches, g\u00e9nisses, bouvillons). Robuste et \u00e9quip\u00e9 de 4 pieds r\u00e9glables, il convient aussi bien aux granges qu'\u00e0 une utilisation en ext\u00e9rieur.<\/p>","protected":false},"featured_media":5365,"comment_status":"open","ping_status":"closed","template":"","meta":{"nf_dc_page":"","om_disable_all_campaigns":false,"pagelayer_contact_templates":[],"_pagelayer_content":""},"product_brand":[],"product_cat":[88],"product_tag":[117],"class_list":{"0":"post-5364","1":"product","2":"type-product","3":"status-publish","4":"has-post-thumbnail","6":"product_cat-livestock-equipment","7":"product_tag-livestock-equipment","9":"first","10":"instock","11":"shipping-taxable","12":"purchasable","13":"product-type-simple"},"jetpack_sharing_enabled":true,"_links":{"self":[{"href":"https:\/\/staging.gajolivestock.com\/fr\/wp-json\/wp\/v2\/product\/5364","targetHints":{"allow":["GET"]}}],"collection":[{"href":"https:\/\/staging.gajolivestock.com\/fr\/wp-json\/wp\/v2\/product"}],"about":[{"href":"https:\/\/staging.gajolivestock.com\/fr\/wp-json\/wp\/v2\/types\/product"}],"replies":[{"embeddable":true,"href":"https:\/\/staging.gajolivestock.com\/fr\/wp-json\/wp\/v2\/comments?post=5364"}],"wp:featuredmedia":[{"embeddable":true,"href":"https:\/\/staging.gajolivestock.com\/fr\/wp-json\/wp\/v2\/media\/5365"}],"wp:attachment":[{"href":"https:\/\/staging.gajolivestock.com\/fr\/wp-json\/wp\/v2\/media?parent=5364"}],"wp:term":[{"taxonomy":"product_brand","embeddable":true,"href":"https:\/\/staging.gajolivestock.com\/fr\/wp-json\/wp\/v2\/product_brand?post=5364"},{"taxonomy":"product_cat","embeddable":true,"href":"https:\/\/staging.gajolivestock.com\/fr\/wp-json\/wp\/v2\/product_cat?post=5364"},{"taxonomy":"product_tag","embeddable":true,"href":"https:\/\/staging.gajolivestock.com\/fr\/wp-json\/wp\/v2\/product_tag?post=5364"}],"curies":[{"name":"wp","href":"https:\/\/api.w.org\/{rel}","templated":true}]}}