{"id":5369,"date":"2025-01-18T08:53:34","date_gmt":"2025-01-18T08:53:34","guid":{"rendered":"https:\/\/staging.gajolivestock.com\/?post_type=product&#038;p=5369"},"modified":"2025-02-01T17:34:58","modified_gmt":"2025-02-01T17:34:58","slug":"goat-feeder","status":"publish","type":"product","link":"https:\/\/staging.gajolivestock.com\/fr\/produit\/goat-feeder\/","title":{"rendered":"Mangeoire pour ch\u00e8vres"},"content":{"rendered":"<p>Cette mangeoire pour ch\u00e8vres est con\u00e7ue pour fournir une alimentation pratique et efficace \u00e0 vos ch\u00e8vres. Fabriqu\u00e9 en acier galvanis\u00e9 durable, il est id\u00e9al pour les enclos int\u00e9rieurs et ext\u00e9rieurs. Sa structure robuste aide \u00e0 maintenir une alimentation propre et organis\u00e9e, minimisant ainsi les d\u00e9chets.<\/p>\n<p>&nbsp;<\/p>","protected":false},"excerpt":{"rendered":"<p>Le rack est tr\u00e8s facile \u00e0 assembler et \u00e0 installer. Il peut \u00eatre boulonn\u00e9 avec d\u2019autres racks RMAG pour former un couloir d\u2019alimentation. Il est modulaire et ne pr\u00e9sente aucun bord saillant. Auge int\u00e9gr\u00e9e.<\/p>","protected":false},"featured_media":5370,"comment_status":"open","ping_status":"closed","template":"","meta":{"nf_dc_page":"","om_disable_all_campaigns":false,"pagelayer_contact_templates":[],"_pagelayer_content":""},"product_brand":[],"product_cat":[88],"product_tag":[117],"class_list":{"0":"post-5369","1":"product","2":"type-product","3":"status-publish","4":"has-post-thumbnail","6":"product_cat-livestock-equipment","7":"product_tag-livestock-equipment","9":"first","10":"instock","11":"shipping-taxable","12":"purchasable","13":"product-type-simple"},"jetpack_sharing_enabled":true,"_links":{"self":[{"href":"https:\/\/staging.gajolivestock.com\/fr\/wp-json\/wp\/v2\/product\/5369","targetHints":{"allow":["GET"]}}],"collection":[{"href":"https:\/\/staging.gajolivestock.com\/fr\/wp-json\/wp\/v2\/product"}],"about":[{"href":"https:\/\/staging.gajolivestock.com\/fr\/wp-json\/wp\/v2\/types\/product"}],"replies":[{"embeddable":true,"href":"https:\/\/staging.gajolivestock.com\/fr\/wp-json\/wp\/v2\/comments?post=5369"}],"wp:featuredmedia":[{"embeddable":true,"href":"https:\/\/staging.gajolivestock.com\/fr\/wp-json\/wp\/v2\/media\/5370"}],"wp:attachment":[{"href":"https:\/\/staging.gajolivestock.com\/fr\/wp-json\/wp\/v2\/media?parent=5369"}],"wp:term":[{"taxonomy":"product_brand","embeddable":true,"href":"https:\/\/staging.gajolivestock.com\/fr\/wp-json\/wp\/v2\/product_brand?post=5369"},{"taxonomy":"product_cat","embeddable":true,"href":"https:\/\/staging.gajolivestock.com\/fr\/wp-json\/wp\/v2\/product_cat?post=5369"},{"taxonomy":"product_tag","embeddable":true,"href":"https:\/\/staging.gajolivestock.com\/fr\/wp-json\/wp\/v2\/product_tag?post=5369"}],"curies":[{"name":"wp","href":"https:\/\/api.w.org\/{rel}","templated":true}]}}