{"id":5377,"date":"2025-01-18T09:07:48","date_gmt":"2025-01-18T09:07:48","guid":{"rendered":"https:\/\/staging.gajolivestock.com\/?post_type=product&#038;p=5377"},"modified":"2025-02-01T16:54:11","modified_gmt":"2025-02-01T16:54:11","slug":"brevis-feeder","status":"publish","type":"product","link":"https:\/\/staging.gajolivestock.com\/fr\/produit\/brevis-feeder\/","title":{"rendered":"Mangeoire Brevis"},"content":{"rendered":"<p>Avec sa construction robuste et pratique, il assure une distribution homog\u00e8ne des aliments tout en minimisant les d\u00e9chets. Il est id\u00e9al pour les enclos, les cages ou les espaces ext\u00e9rieurs. Facile \u00e0 entretenir, cette mangeoire offre une solution fiable et durable pour les besoins alimentaires des animaux.<\/p>\n<p>&nbsp;<\/p>","protected":false},"excerpt":{"rendered":"<p>La mangeoire Brevis est un \u00e9quipement durable con\u00e7u pour nourrir efficacement le b\u00e9tail, en distribuant la nourriture uniform\u00e9ment. Facile \u00e0 nettoyer, il convient aux enclos et aux voli\u00e8res.<\/p>","protected":false},"featured_media":5378,"comment_status":"open","ping_status":"closed","template":"","meta":{"nf_dc_page":"","om_disable_all_campaigns":false,"pagelayer_contact_templates":[],"_pagelayer_content":""},"product_brand":[],"product_cat":[88],"product_tag":[117],"class_list":{"0":"post-5377","1":"product","2":"type-product","3":"status-publish","4":"has-post-thumbnail","6":"product_cat-livestock-equipment","7":"product_tag-livestock-equipment","9":"first","10":"instock","11":"shipping-taxable","12":"purchasable","13":"product-type-simple"},"jetpack_sharing_enabled":true,"_links":{"self":[{"href":"https:\/\/staging.gajolivestock.com\/fr\/wp-json\/wp\/v2\/product\/5377","targetHints":{"allow":["GET"]}}],"collection":[{"href":"https:\/\/staging.gajolivestock.com\/fr\/wp-json\/wp\/v2\/product"}],"about":[{"href":"https:\/\/staging.gajolivestock.com\/fr\/wp-json\/wp\/v2\/types\/product"}],"replies":[{"embeddable":true,"href":"https:\/\/staging.gajolivestock.com\/fr\/wp-json\/wp\/v2\/comments?post=5377"}],"wp:featuredmedia":[{"embeddable":true,"href":"https:\/\/staging.gajolivestock.com\/fr\/wp-json\/wp\/v2\/media\/5378"}],"wp:attachment":[{"href":"https:\/\/staging.gajolivestock.com\/fr\/wp-json\/wp\/v2\/media?parent=5377"}],"wp:term":[{"taxonomy":"product_brand","embeddable":true,"href":"https:\/\/staging.gajolivestock.com\/fr\/wp-json\/wp\/v2\/product_brand?post=5377"},{"taxonomy":"product_cat","embeddable":true,"href":"https:\/\/staging.gajolivestock.com\/fr\/wp-json\/wp\/v2\/product_cat?post=5377"},{"taxonomy":"product_tag","embeddable":true,"href":"https:\/\/staging.gajolivestock.com\/fr\/wp-json\/wp\/v2\/product_tag?post=5377"}],"curies":[{"name":"wp","href":"https:\/\/api.w.org\/{rel}","templated":true}]}}