{"id":5382,"date":"2025-01-18T09:11:32","date_gmt":"2025-01-18T09:11:32","guid":{"rendered":"https:\/\/staging.gajolivestock.com\/?post_type=product&#038;p=5382"},"modified":"2025-02-01T15:42:28","modified_gmt":"2025-02-01T15:42:28","slug":"fish-feeder","status":"publish","type":"product","link":"https:\/\/staging.gajolivestock.com\/fr\/produit\/fish-feeder\/","title":{"rendered":"mangeoire \u00e0 poissons"},"content":{"rendered":"<p>La mangeoire \u00e0 poissons est con\u00e7ue pour assurer une distribution uniforme et pr\u00e9cise de la nourriture dans les aquariums ou les \u00e9tangs. Facile \u00e0 utiliser et \u00e0 entretenir, il permet de nourrir r\u00e9guli\u00e8rement les poissons m\u00eame en l'absence de l'\u00e9leveur. Ce syst\u00e8me est particuli\u00e8rement utile dans les fermes commerciales ou les installations aquatiques o\u00f9 la gestion du processus d'alimentation est essentielle \u00e0 la croissance et \u00e0 la sant\u00e9 des poissons.<\/p>\n<p>&nbsp;<\/p>","protected":false},"excerpt":{"rendered":"<p>Le distributeur automatique Classic est indispensable en aquaculture, offrant une conception robuste et une technologie avanc\u00e9e. Utilis\u00e9 dans le monde entier depuis de nombreuses ann\u00e9es, il convient \u00e0 diverses applications, des fermes d'\u00e9levage aux couvoirs, ainsi qu'aux installations de tests, notamment les universit\u00e9s.<\/p>","protected":false},"featured_media":5383,"comment_status":"open","ping_status":"closed","template":"","meta":{"om_disable_all_campaigns":false,"pagelayer_contact_templates":[],"_pagelayer_content":""},"product_brand":[],"product_cat":[88],"product_tag":[117],"class_list":{"0":"post-5382","1":"product","2":"type-product","3":"status-publish","4":"has-post-thumbnail","6":"product_cat-livestock-equipment","7":"product_tag-livestock-equipment","9":"first","10":"instock","11":"shipping-taxable","12":"purchasable","13":"product-type-simple"},"jetpack_sharing_enabled":true,"_links":{"self":[{"href":"https:\/\/staging.gajolivestock.com\/fr\/wp-json\/wp\/v2\/product\/5382","targetHints":{"allow":["GET"]}}],"collection":[{"href":"https:\/\/staging.gajolivestock.com\/fr\/wp-json\/wp\/v2\/product"}],"about":[{"href":"https:\/\/staging.gajolivestock.com\/fr\/wp-json\/wp\/v2\/types\/product"}],"replies":[{"embeddable":true,"href":"https:\/\/staging.gajolivestock.com\/fr\/wp-json\/wp\/v2\/comments?post=5382"}],"wp:featuredmedia":[{"embeddable":true,"href":"https:\/\/staging.gajolivestock.com\/fr\/wp-json\/wp\/v2\/media\/5383"}],"wp:attachment":[{"href":"https:\/\/staging.gajolivestock.com\/fr\/wp-json\/wp\/v2\/media?parent=5382"}],"wp:term":[{"taxonomy":"product_brand","embeddable":true,"href":"https:\/\/staging.gajolivestock.com\/fr\/wp-json\/wp\/v2\/product_brand?post=5382"},{"taxonomy":"product_cat","embeddable":true,"href":"https:\/\/staging.gajolivestock.com\/fr\/wp-json\/wp\/v2\/product_cat?post=5382"},{"taxonomy":"product_tag","embeddable":true,"href":"https:\/\/staging.gajolivestock.com\/fr\/wp-json\/wp\/v2\/product_tag?post=5382"}],"curies":[{"name":"wp","href":"https:\/\/api.w.org\/{rel}","templated":true}]}}