{"id":5405,"date":"2025-01-18T09:42:13","date_gmt":"2025-01-18T09:42:13","guid":{"rendered":"https:\/\/staging.gajolivestock.com\/?post_type=product&#038;p=5405"},"modified":"2025-02-01T17:38:42","modified_gmt":"2025-02-01T17:38:42","slug":"identification-pliers","status":"publish","type":"product","link":"https:\/\/staging.gajolivestock.com\/fr\/produit\/identification-pliers\/","title":{"rendered":"pince d'identification"},"content":{"rendered":"<p>La pince d'identification est un outil indispensable pour marquer les animaux rapidement et efficacement. Con\u00e7us pour assurer une identification claire et durable, ils permettent la fixation de m\u00e9dailles ou d'anneaux d'identification sans causer de douleur aux animaux. Id\u00e9al pour les bovins, volailles et autres \u00e9levages, il est facile \u00e0 utiliser et offre une excellente pr\u00e9cision.<\/p>\n<p>&nbsp;<\/p>","protected":false},"excerpt":{"rendered":"<p>Fabriqu\u00e9 en alliage avec une surface durable recouverte de peinture en a\u00e9rosol.<br \/>\nConvient aux chiens, vaches, chevaux, moutons, lapins, etc.<br \/>\nPlus facile \u00e0 lire du recto ou du verso.<\/p>","protected":false},"featured_media":5415,"comment_status":"open","ping_status":"closed","template":"","meta":{"nf_dc_page":"","om_disable_all_campaigns":false,"pagelayer_contact_templates":[],"_pagelayer_content":""},"product_brand":[],"product_cat":[88],"product_tag":[117],"class_list":{"0":"post-5405","1":"product","2":"type-product","3":"status-publish","4":"has-post-thumbnail","6":"product_cat-livestock-equipment","7":"product_tag-livestock-equipment","9":"first","10":"instock","11":"shipping-taxable","12":"purchasable","13":"product-type-simple"},"jetpack_sharing_enabled":true,"_links":{"self":[{"href":"https:\/\/staging.gajolivestock.com\/fr\/wp-json\/wp\/v2\/product\/5405","targetHints":{"allow":["GET"]}}],"collection":[{"href":"https:\/\/staging.gajolivestock.com\/fr\/wp-json\/wp\/v2\/product"}],"about":[{"href":"https:\/\/staging.gajolivestock.com\/fr\/wp-json\/wp\/v2\/types\/product"}],"replies":[{"embeddable":true,"href":"https:\/\/staging.gajolivestock.com\/fr\/wp-json\/wp\/v2\/comments?post=5405"}],"wp:featuredmedia":[{"embeddable":true,"href":"https:\/\/staging.gajolivestock.com\/fr\/wp-json\/wp\/v2\/media\/5415"}],"wp:attachment":[{"href":"https:\/\/staging.gajolivestock.com\/fr\/wp-json\/wp\/v2\/media?parent=5405"}],"wp:term":[{"taxonomy":"product_brand","embeddable":true,"href":"https:\/\/staging.gajolivestock.com\/fr\/wp-json\/wp\/v2\/product_brand?post=5405"},{"taxonomy":"product_cat","embeddable":true,"href":"https:\/\/staging.gajolivestock.com\/fr\/wp-json\/wp\/v2\/product_cat?post=5405"},{"taxonomy":"product_tag","embeddable":true,"href":"https:\/\/staging.gajolivestock.com\/fr\/wp-json\/wp\/v2\/product_tag?post=5405"}],"curies":[{"name":"wp","href":"https:\/\/api.w.org\/{rel}","templated":true}]}}