{"id":5430,"date":"2025-01-18T09:47:27","date_gmt":"2025-01-18T09:47:27","guid":{"rendered":"https:\/\/staging.gajolivestock.com\/?post_type=product&#038;p=5430"},"modified":"2025-02-01T15:47:00","modified_gmt":"2025-02-01T15:47:00","slug":"animal-weight-measuring-tape","status":"publish","type":"product","link":"https:\/\/staging.gajolivestock.com\/fr\/produit\/animal-weight-measuring-tape\/","title":{"rendered":"Ruban de mesure du poids des animaux"},"content":{"rendered":"<p>Le ruban de mesure du poids des animaux est un outil pratique pour estimer rapidement et facilement le poids des animaux de la ferme, comme les bovins, les moutons et les ch\u00e8vres. Mesurez simplement la circonf\u00e9rence de l'animal et lisez son poids estim\u00e9 sur le ruban. L\u00e9ger et simple d\u2019utilisation, il est con\u00e7u pour \u00eatre durable et r\u00e9sistant en milieu agricole.<\/p>\n<p>&nbsp;<\/p>","protected":false},"excerpt":{"rendered":"<p>Ce produit est compact, peu encombrant et facile \u00e0 stocker et \u00e0 transporter.<\/p>","protected":false},"featured_media":5431,"comment_status":"open","ping_status":"closed","template":"","meta":{"nf_dc_page":"","om_disable_all_campaigns":false,"pagelayer_contact_templates":[],"_pagelayer_content":""},"product_brand":[],"product_cat":[88],"product_tag":[117],"class_list":{"0":"post-5430","1":"product","2":"type-product","3":"status-publish","4":"has-post-thumbnail","6":"product_cat-livestock-equipment","7":"product_tag-livestock-equipment","9":"first","10":"instock","11":"shipping-taxable","12":"purchasable","13":"product-type-simple"},"jetpack_sharing_enabled":true,"_links":{"self":[{"href":"https:\/\/staging.gajolivestock.com\/fr\/wp-json\/wp\/v2\/product\/5430","targetHints":{"allow":["GET"]}}],"collection":[{"href":"https:\/\/staging.gajolivestock.com\/fr\/wp-json\/wp\/v2\/product"}],"about":[{"href":"https:\/\/staging.gajolivestock.com\/fr\/wp-json\/wp\/v2\/types\/product"}],"replies":[{"embeddable":true,"href":"https:\/\/staging.gajolivestock.com\/fr\/wp-json\/wp\/v2\/comments?post=5430"}],"wp:featuredmedia":[{"embeddable":true,"href":"https:\/\/staging.gajolivestock.com\/fr\/wp-json\/wp\/v2\/media\/5431"}],"wp:attachment":[{"href":"https:\/\/staging.gajolivestock.com\/fr\/wp-json\/wp\/v2\/media?parent=5430"}],"wp:term":[{"taxonomy":"product_brand","embeddable":true,"href":"https:\/\/staging.gajolivestock.com\/fr\/wp-json\/wp\/v2\/product_brand?post=5430"},{"taxonomy":"product_cat","embeddable":true,"href":"https:\/\/staging.gajolivestock.com\/fr\/wp-json\/wp\/v2\/product_cat?post=5430"},{"taxonomy":"product_tag","embeddable":true,"href":"https:\/\/staging.gajolivestock.com\/fr\/wp-json\/wp\/v2\/product_tag?post=5430"}],"curies":[{"name":"wp","href":"https:\/\/api.w.org\/{rel}","templated":true}]}}