{"id":5439,"date":"2025-01-18T09:52:24","date_gmt":"2025-01-18T09:52:24","guid":{"rendered":"https:\/\/staging.gajolivestock.com\/?post_type=product&#038;p=5439"},"modified":"2025-02-08T09:24:29","modified_gmt":"2025-02-08T09:24:29","slug":"automatic-syringe","status":"publish","type":"product","link":"https:\/\/staging.gajolivestock.com\/fr\/produit\/automatic-syringe\/","title":{"rendered":"Seringue Revolroux"},"content":{"rendered":"<p>La seringue Revolroux 30 ml est un outil fiable et efficace pour administrer des m\u00e9dicaments ou des liquides aux animaux. Sa contenance de 30 ml permet de d\u00e9livrer des doses moyennes \u00e0 fortes, id\u00e9ales pour les traitements r\u00e9guliers ou les soins v\u00e9t\u00e9rinaires de grande ampleur. Con\u00e7ue pour une utilisation facile et pr\u00e9cise, cette seringue est fabriqu\u00e9e avec des mat\u00e9riaux de haute qualit\u00e9, garantissant une longue dur\u00e9e de vie et des performances optimales, m\u00eame dans des conditions exigeantes.<\/p>\n<p>&nbsp;<\/p>","protected":false},"excerpt":{"rendered":"<p>Une seringue Revolroux de 30 ml, con\u00e7ue pour une administration pr\u00e9cise et efficace de m\u00e9dicaments et de liquides en soins v\u00e9t\u00e9rinaires et agricoles.<\/p>","protected":false},"featured_media":5440,"comment_status":"open","ping_status":"closed","template":"","meta":{"om_disable_all_campaigns":false,"pagelayer_contact_templates":[],"_pagelayer_content":""},"product_brand":[],"product_cat":[88],"product_tag":[117],"class_list":{"0":"post-5439","1":"product","2":"type-product","3":"status-publish","4":"has-post-thumbnail","6":"product_cat-livestock-equipment","7":"product_tag-livestock-equipment","9":"first","10":"instock","11":"shipping-taxable","12":"purchasable","13":"product-type-simple"},"jetpack_sharing_enabled":true,"_links":{"self":[{"href":"https:\/\/staging.gajolivestock.com\/fr\/wp-json\/wp\/v2\/product\/5439","targetHints":{"allow":["GET"]}}],"collection":[{"href":"https:\/\/staging.gajolivestock.com\/fr\/wp-json\/wp\/v2\/product"}],"about":[{"href":"https:\/\/staging.gajolivestock.com\/fr\/wp-json\/wp\/v2\/types\/product"}],"replies":[{"embeddable":true,"href":"https:\/\/staging.gajolivestock.com\/fr\/wp-json\/wp\/v2\/comments?post=5439"}],"wp:featuredmedia":[{"embeddable":true,"href":"https:\/\/staging.gajolivestock.com\/fr\/wp-json\/wp\/v2\/media\/5440"}],"wp:attachment":[{"href":"https:\/\/staging.gajolivestock.com\/fr\/wp-json\/wp\/v2\/media?parent=5439"}],"wp:term":[{"taxonomy":"product_brand","embeddable":true,"href":"https:\/\/staging.gajolivestock.com\/fr\/wp-json\/wp\/v2\/product_brand?post=5439"},{"taxonomy":"product_cat","embeddable":true,"href":"https:\/\/staging.gajolivestock.com\/fr\/wp-json\/wp\/v2\/product_cat?post=5439"},{"taxonomy":"product_tag","embeddable":true,"href":"https:\/\/staging.gajolivestock.com\/fr\/wp-json\/wp\/v2\/product_tag?post=5439"}],"curies":[{"name":"wp","href":"https:\/\/api.w.org\/{rel}","templated":true}]}}