{"id":5446,"date":"2025-01-18T09:58:49","date_gmt":"2025-01-18T09:58:49","guid":{"rendered":"https:\/\/staging.gajolivestock.com\/?post_type=product&#038;p=5446"},"modified":"2025-02-01T16:48:44","modified_gmt":"2025-02-01T16:48:44","slug":"automatic-syringe-2","status":"publish","type":"product","link":"https:\/\/staging.gajolivestock.com\/fr\/produit\/automatic-syringe-2\/","title":{"rendered":"Seringue automatique"},"content":{"rendered":"<p>Cette seringue automatique r\u00e9utilisable est con\u00e7ue pour faciliter l'administration des vaccins et des traitements aux animaux. Il permet des injections rapides et pr\u00e9cises, ce qui le rend id\u00e9al pour les exploitations agricoles \u00e0 grande \u00e9chelle.<\/p>\n<p>&nbsp;<\/p>","protected":false},"excerpt":{"rendered":"<p>Cette seringue r\u00e9utilisable est utilis\u00e9e pour l'injection chez les animaux, y compris la vaccination et le traitement.<\/p>","protected":false},"featured_media":5447,"comment_status":"open","ping_status":"closed","template":"","meta":{"nf_dc_page":"","om_disable_all_campaigns":false,"pagelayer_contact_templates":[],"_pagelayer_content":""},"product_brand":[],"product_cat":[88],"product_tag":[117],"class_list":{"0":"post-5446","1":"product","2":"type-product","3":"status-publish","4":"has-post-thumbnail","6":"product_cat-livestock-equipment","7":"product_tag-livestock-equipment","9":"first","10":"instock","11":"shipping-taxable","12":"purchasable","13":"product-type-simple"},"jetpack_sharing_enabled":true,"_links":{"self":[{"href":"https:\/\/staging.gajolivestock.com\/fr\/wp-json\/wp\/v2\/product\/5446","targetHints":{"allow":["GET"]}}],"collection":[{"href":"https:\/\/staging.gajolivestock.com\/fr\/wp-json\/wp\/v2\/product"}],"about":[{"href":"https:\/\/staging.gajolivestock.com\/fr\/wp-json\/wp\/v2\/types\/product"}],"replies":[{"embeddable":true,"href":"https:\/\/staging.gajolivestock.com\/fr\/wp-json\/wp\/v2\/comments?post=5446"}],"wp:featuredmedia":[{"embeddable":true,"href":"https:\/\/staging.gajolivestock.com\/fr\/wp-json\/wp\/v2\/media\/5447"}],"wp:attachment":[{"href":"https:\/\/staging.gajolivestock.com\/fr\/wp-json\/wp\/v2\/media?parent=5446"}],"wp:term":[{"taxonomy":"product_brand","embeddable":true,"href":"https:\/\/staging.gajolivestock.com\/fr\/wp-json\/wp\/v2\/product_brand?post=5446"},{"taxonomy":"product_cat","embeddable":true,"href":"https:\/\/staging.gajolivestock.com\/fr\/wp-json\/wp\/v2\/product_cat?post=5446"},{"taxonomy":"product_tag","embeddable":true,"href":"https:\/\/staging.gajolivestock.com\/fr\/wp-json\/wp\/v2\/product_tag?post=5446"}],"curies":[{"name":"wp","href":"https:\/\/api.w.org\/{rel}","templated":true}]}}