{"id":5454,"date":"2025-01-18T10:04:17","date_gmt":"2025-01-18T10:04:17","guid":{"rendered":"https:\/\/staging.gajolivestock.com\/?post_type=product&#038;p=5454"},"modified":"2025-02-01T16:32:40","modified_gmt":"2025-02-01T16:32:40","slug":"atomizer-sterilizer","status":"publish","type":"product","link":"https:\/\/staging.gajolivestock.com\/fr\/produit\/atomizer-sterilizer\/","title":{"rendered":"St\u00e9rilisateur atomiseur"},"content":{"rendered":"<p>Le st\u00e9rilisateur atomiseur est un appareil con\u00e7u pour d\u00e9sinfecter efficacement les surfaces et l\u2019air. Gr\u00e2ce \u00e0 la technologie de brumisation ultraviolette, il transforme les solutions d\u00e9sinfectantes en fines gouttelettes, permettant une distribution uniforme et une action de st\u00e9rilisation rapide. Id\u00e9al pour les environnements commerciaux, m\u00e9dicaux ou domestiques, il assure un nettoyage en profondeur et l'\u00e9limination des germes.<\/p>\n<p>&nbsp;<\/p>","protected":false},"excerpt":{"rendered":"<p>Pulv\u00e9risateur d\u00e9sinfectant portable rechargeable, atomiseur \u00e0 vapeur nano, machine de pulv\u00e9risation \u00e9lectrique de 27 oz\/800 ml, brumisateur intelligent ULV avec lumi\u00e8re bleue.<\/p>","protected":false},"featured_media":5455,"comment_status":"open","ping_status":"closed","template":"","meta":{"nf_dc_page":"","om_disable_all_campaigns":false,"pagelayer_contact_templates":[],"_pagelayer_content":""},"product_brand":[],"product_cat":[88],"product_tag":[117],"class_list":{"0":"post-5454","1":"product","2":"type-product","3":"status-publish","4":"has-post-thumbnail","6":"product_cat-livestock-equipment","7":"product_tag-livestock-equipment","9":"first","10":"instock","11":"shipping-taxable","12":"purchasable","13":"product-type-simple"},"jetpack_sharing_enabled":true,"_links":{"self":[{"href":"https:\/\/staging.gajolivestock.com\/fr\/wp-json\/wp\/v2\/product\/5454","targetHints":{"allow":["GET"]}}],"collection":[{"href":"https:\/\/staging.gajolivestock.com\/fr\/wp-json\/wp\/v2\/product"}],"about":[{"href":"https:\/\/staging.gajolivestock.com\/fr\/wp-json\/wp\/v2\/types\/product"}],"replies":[{"embeddable":true,"href":"https:\/\/staging.gajolivestock.com\/fr\/wp-json\/wp\/v2\/comments?post=5454"}],"wp:featuredmedia":[{"embeddable":true,"href":"https:\/\/staging.gajolivestock.com\/fr\/wp-json\/wp\/v2\/media\/5455"}],"wp:attachment":[{"href":"https:\/\/staging.gajolivestock.com\/fr\/wp-json\/wp\/v2\/media?parent=5454"}],"wp:term":[{"taxonomy":"product_brand","embeddable":true,"href":"https:\/\/staging.gajolivestock.com\/fr\/wp-json\/wp\/v2\/product_brand?post=5454"},{"taxonomy":"product_cat","embeddable":true,"href":"https:\/\/staging.gajolivestock.com\/fr\/wp-json\/wp\/v2\/product_cat?post=5454"},{"taxonomy":"product_tag","embeddable":true,"href":"https:\/\/staging.gajolivestock.com\/fr\/wp-json\/wp\/v2\/product_tag?post=5454"}],"curies":[{"name":"wp","href":"https:\/\/api.w.org\/{rel}","templated":true}]}}