{"id":5467,"date":"2025-01-18T10:17:57","date_gmt":"2025-01-18T10:17:57","guid":{"rendered":"https:\/\/staging.gajolivestock.com\/?post_type=product&#038;p=5467"},"modified":"2025-02-08T09:48:43","modified_gmt":"2025-02-08T09:48:43","slug":"work-surface","status":"publish","type":"product","link":"https:\/\/staging.gajolivestock.com\/fr\/produit\/work-surface\/","title":{"rendered":"Surface de travail"},"content":{"rendered":"<p>Cette surface de travail est con\u00e7ue pour fournir une plateforme robuste et durable, id\u00e9ale pour les environnements industriels et professionnels. Fabriqu\u00e9 avec des mat\u00e9riaux de haute qualit\u00e9 pour des performances durables, il est facile \u00e0 entretenir et comporte des pieds r\u00e9glables pour une stabilit\u00e9 optimale sur tous les types de sols.<\/p>\n<p>&nbsp;<\/p>","protected":false},"excerpt":{"rendered":"<p>\u00c9tabli, renforc\u00e9 et insonoris\u00e9 avec pieds carr\u00e9s r\u00e9glables, compatible pour une utilisation int\u00e9rieure et ext\u00e9rieure.<\/p>","protected":false},"featured_media":5468,"comment_status":"open","ping_status":"closed","template":"","meta":{"om_disable_all_campaigns":false,"pagelayer_contact_templates":[],"_pagelayer_content":""},"product_brand":[],"product_cat":[88],"product_tag":[117],"class_list":{"0":"post-5467","1":"product","2":"type-product","3":"status-publish","4":"has-post-thumbnail","6":"product_cat-livestock-equipment","7":"product_tag-livestock-equipment","9":"first","10":"instock","11":"shipping-taxable","12":"purchasable","13":"product-type-simple"},"jetpack_sharing_enabled":true,"_links":{"self":[{"href":"https:\/\/staging.gajolivestock.com\/fr\/wp-json\/wp\/v2\/product\/5467","targetHints":{"allow":["GET"]}}],"collection":[{"href":"https:\/\/staging.gajolivestock.com\/fr\/wp-json\/wp\/v2\/product"}],"about":[{"href":"https:\/\/staging.gajolivestock.com\/fr\/wp-json\/wp\/v2\/types\/product"}],"replies":[{"embeddable":true,"href":"https:\/\/staging.gajolivestock.com\/fr\/wp-json\/wp\/v2\/comments?post=5467"}],"wp:featuredmedia":[{"embeddable":true,"href":"https:\/\/staging.gajolivestock.com\/fr\/wp-json\/wp\/v2\/media\/5468"}],"wp:attachment":[{"href":"https:\/\/staging.gajolivestock.com\/fr\/wp-json\/wp\/v2\/media?parent=5467"}],"wp:term":[{"taxonomy":"product_brand","embeddable":true,"href":"https:\/\/staging.gajolivestock.com\/fr\/wp-json\/wp\/v2\/product_brand?post=5467"},{"taxonomy":"product_cat","embeddable":true,"href":"https:\/\/staging.gajolivestock.com\/fr\/wp-json\/wp\/v2\/product_cat?post=5467"},{"taxonomy":"product_tag","embeddable":true,"href":"https:\/\/staging.gajolivestock.com\/fr\/wp-json\/wp\/v2\/product_tag?post=5467"}],"curies":[{"name":"wp","href":"https:\/\/api.w.org\/{rel}","templated":true}]}}