{"id":5485,"date":"2025-01-18T10:30:49","date_gmt":"2025-01-18T10:30:49","guid":{"rendered":"https:\/\/staging.gajolivestock.com\/?post_type=product&#038;p=5485"},"modified":"2025-02-01T17:15:51","modified_gmt":"2025-02-01T17:15:51","slug":"digital-thermometer","status":"publish","type":"product","link":"https:\/\/staging.gajolivestock.com\/fr\/produit\/digital-thermometer\/","title":{"rendered":"thermom\u00e8tre num\u00e9rique"},"content":{"rendered":"<p>Le thermom\u00e8tre num\u00e9rique est un appareil pr\u00e9cis et facile \u00e0 utiliser pour mesurer la temp\u00e9rature. Il fournit des lectures rapides et claires gr\u00e2ce \u00e0 son \u00e9cran LCD. Adapt\u00e9 \u00e0 une utilisation int\u00e9rieure et ext\u00e9rieure, il est con\u00e7u pour fournir des mesures fiables et r\u00e9sister \u00e0 diverses conditions environnementales.<\/p>\n<p>&nbsp;<\/p>","protected":false},"excerpt":{"rendered":"<p>Le thermom\u00e8tre mural num\u00e9rique, avec son bo\u00eetier transparent et son \u00e9chelle claire, permet une lecture facile et est id\u00e9al pour observer les effets thermiques en ext\u00e9rieur.<\/p>","protected":false},"featured_media":5486,"comment_status":"open","ping_status":"closed","template":"","meta":{"nf_dc_page":"","om_disable_all_campaigns":false,"pagelayer_contact_templates":[],"_pagelayer_content":""},"product_brand":[],"product_cat":[88],"product_tag":[117],"class_list":{"0":"post-5485","1":"product","2":"type-product","3":"status-publish","4":"has-post-thumbnail","6":"product_cat-livestock-equipment","7":"product_tag-livestock-equipment","9":"first","10":"instock","11":"shipping-taxable","12":"purchasable","13":"product-type-simple"},"jetpack_sharing_enabled":true,"_links":{"self":[{"href":"https:\/\/staging.gajolivestock.com\/fr\/wp-json\/wp\/v2\/product\/5485","targetHints":{"allow":["GET"]}}],"collection":[{"href":"https:\/\/staging.gajolivestock.com\/fr\/wp-json\/wp\/v2\/product"}],"about":[{"href":"https:\/\/staging.gajolivestock.com\/fr\/wp-json\/wp\/v2\/types\/product"}],"replies":[{"embeddable":true,"href":"https:\/\/staging.gajolivestock.com\/fr\/wp-json\/wp\/v2\/comments?post=5485"}],"wp:featuredmedia":[{"embeddable":true,"href":"https:\/\/staging.gajolivestock.com\/fr\/wp-json\/wp\/v2\/media\/5486"}],"wp:attachment":[{"href":"https:\/\/staging.gajolivestock.com\/fr\/wp-json\/wp\/v2\/media?parent=5485"}],"wp:term":[{"taxonomy":"product_brand","embeddable":true,"href":"https:\/\/staging.gajolivestock.com\/fr\/wp-json\/wp\/v2\/product_brand?post=5485"},{"taxonomy":"product_cat","embeddable":true,"href":"https:\/\/staging.gajolivestock.com\/fr\/wp-json\/wp\/v2\/product_cat?post=5485"},{"taxonomy":"product_tag","embeddable":true,"href":"https:\/\/staging.gajolivestock.com\/fr\/wp-json\/wp\/v2\/product_tag?post=5485"}],"curies":[{"name":"wp","href":"https:\/\/api.w.org\/{rel}","templated":true}]}}