{"id":5578,"date":"2025-01-18T14:39:10","date_gmt":"2025-01-18T14:39:10","guid":{"rendered":"https:\/\/staging.gajolivestock.com\/?post_type=product&#038;p=5578"},"modified":"2025-02-01T11:30:42","modified_gmt":"2025-02-01T11:30:42","slug":"anglo-nubian-goat","status":"publish","type":"product","link":"https:\/\/staging.gajolivestock.com\/fr\/produit\/anglo-nubian-goat\/","title":{"rendered":"Ch\u00e8vre anglo-nubien"},"content":{"rendered":"<p>Il est r\u00e9put\u00e9 pour sa production de lait riche en mati\u00e8res grasses, id\u00e9al pour la fabrication du fromage, et sa viande savoureuse. Il s'adapte bien \u00e0 diff\u00e9rents climats, m\u00eame s'il prosp\u00e8re dans les r\u00e9gions plus chaudes. Cette ch\u00e8vre se caract\u00e9rise par ses longues oreilles tombantes, son nez romain et ses couleurs de pelage vari\u00e9es allant du blanc au brun en passant par le noir.<\/p>\n<p>&nbsp;<\/p>","protected":false},"excerpt":{"rendered":"<p>La ch\u00e8vre anglo-nubienne est une race \u00e0 double usage connue pour sa production de lait riche en mati\u00e8res grasses et sa viande de qualit\u00e9. Il est facilement reconnaissable \u00e0 ses longues oreilles tombantes et \u00e0 ses couleurs de pelage vari\u00e9es.<\/p>","protected":false},"featured_media":6781,"comment_status":"open","ping_status":"closed","template":"","meta":{"nf_dc_page":"","om_disable_all_campaigns":false,"pagelayer_contact_templates":[],"_pagelayer_content":""},"product_brand":[],"product_cat":[82],"product_tag":[109],"class_list":{"0":"post-5578","1":"product","2":"type-product","3":"status-publish","4":"has-post-thumbnail","6":"product_cat-goat","7":"product_tag-goat","9":"first","10":"instock","11":"shipping-taxable","12":"purchasable","13":"product-type-simple"},"jetpack_sharing_enabled":true,"_links":{"self":[{"href":"https:\/\/staging.gajolivestock.com\/fr\/wp-json\/wp\/v2\/product\/5578","targetHints":{"allow":["GET"]}}],"collection":[{"href":"https:\/\/staging.gajolivestock.com\/fr\/wp-json\/wp\/v2\/product"}],"about":[{"href":"https:\/\/staging.gajolivestock.com\/fr\/wp-json\/wp\/v2\/types\/product"}],"replies":[{"embeddable":true,"href":"https:\/\/staging.gajolivestock.com\/fr\/wp-json\/wp\/v2\/comments?post=5578"}],"wp:featuredmedia":[{"embeddable":true,"href":"https:\/\/staging.gajolivestock.com\/fr\/wp-json\/wp\/v2\/media\/6781"}],"wp:attachment":[{"href":"https:\/\/staging.gajolivestock.com\/fr\/wp-json\/wp\/v2\/media?parent=5578"}],"wp:term":[{"taxonomy":"product_brand","embeddable":true,"href":"https:\/\/staging.gajolivestock.com\/fr\/wp-json\/wp\/v2\/product_brand?post=5578"},{"taxonomy":"product_cat","embeddable":true,"href":"https:\/\/staging.gajolivestock.com\/fr\/wp-json\/wp\/v2\/product_cat?post=5578"},{"taxonomy":"product_tag","embeddable":true,"href":"https:\/\/staging.gajolivestock.com\/fr\/wp-json\/wp\/v2\/product_tag?post=5578"}],"curies":[{"name":"wp","href":"https:\/\/api.w.org\/{rel}","templated":true}]}}