{"id":5600,"date":"2025-01-18T15:03:12","date_gmt":"2025-01-18T15:03:12","guid":{"rendered":"https:\/\/staging.gajolivestock.com\/?post_type=product&#038;p=5600"},"modified":"2025-02-01T11:29:25","modified_gmt":"2025-02-01T11:29:25","slug":"barbari-goat","status":"publish","type":"product","link":"https:\/\/staging.gajolivestock.com\/fr\/produit\/barbari-goat\/","title":{"rendered":"Ch\u00e8vre Barbari"},"content":{"rendered":"<p>Il est tr\u00e8s appr\u00e9ci\u00e9 pour sa viande tendre et savoureuse, tout en produisant une quantit\u00e9 mod\u00e9r\u00e9e de lait. Originaire d'Inde, cette race est bien adapt\u00e9e aux climats chauds et secs. En raison de sa nature rustique et de sa capacit\u00e9 \u00e0 prosp\u00e9rer avec des ressources limit\u00e9es, il est souvent \u00e9lev\u00e9 dans des syst\u00e8mes agricoles extensifs.<\/p>\n<p>&nbsp;<\/p>","protected":false},"excerpt":{"rendered":"<p>La ch\u00e8vre Barbari est une race compacte originaire d'Inde, appr\u00e9ci\u00e9e pour sa capacit\u00e9 \u00e0 produire une viande de haute qualit\u00e9 et un rendement laitier mod\u00e9r\u00e9. Il s'adapte bien aux climats arides et est id\u00e9al pour l'agriculture extensive.<\/p>","protected":false},"featured_media":5593,"comment_status":"open","ping_status":"closed","template":"","meta":{"om_disable_all_campaigns":false,"pagelayer_contact_templates":[],"_pagelayer_content":""},"product_brand":[],"product_cat":[82],"product_tag":[109],"class_list":{"0":"post-5600","1":"product","2":"type-product","3":"status-publish","4":"has-post-thumbnail","6":"product_cat-goat","7":"product_tag-goat","9":"first","10":"instock","11":"shipping-taxable","12":"purchasable","13":"product-type-simple"},"jetpack_sharing_enabled":true,"_links":{"self":[{"href":"https:\/\/staging.gajolivestock.com\/fr\/wp-json\/wp\/v2\/product\/5600","targetHints":{"allow":["GET"]}}],"collection":[{"href":"https:\/\/staging.gajolivestock.com\/fr\/wp-json\/wp\/v2\/product"}],"about":[{"href":"https:\/\/staging.gajolivestock.com\/fr\/wp-json\/wp\/v2\/types\/product"}],"replies":[{"embeddable":true,"href":"https:\/\/staging.gajolivestock.com\/fr\/wp-json\/wp\/v2\/comments?post=5600"}],"wp:featuredmedia":[{"embeddable":true,"href":"https:\/\/staging.gajolivestock.com\/fr\/wp-json\/wp\/v2\/media\/5593"}],"wp:attachment":[{"href":"https:\/\/staging.gajolivestock.com\/fr\/wp-json\/wp\/v2\/media?parent=5600"}],"wp:term":[{"taxonomy":"product_brand","embeddable":true,"href":"https:\/\/staging.gajolivestock.com\/fr\/wp-json\/wp\/v2\/product_brand?post=5600"},{"taxonomy":"product_cat","embeddable":true,"href":"https:\/\/staging.gajolivestock.com\/fr\/wp-json\/wp\/v2\/product_cat?post=5600"},{"taxonomy":"product_tag","embeddable":true,"href":"https:\/\/staging.gajolivestock.com\/fr\/wp-json\/wp\/v2\/product_tag?post=5600"}],"curies":[{"name":"wp","href":"https:\/\/api.w.org\/{rel}","templated":true}]}}