{"id":5612,"date":"2025-01-18T15:18:10","date_gmt":"2025-01-18T15:18:10","guid":{"rendered":"https:\/\/staging.gajolivestock.com\/?post_type=product&#038;p=5612"},"modified":"2025-02-01T11:27:48","modified_gmt":"2025-02-01T11:27:48","slug":"dwarf-goat","status":"publish","type":"product","link":"https:\/\/staging.gajolivestock.com\/fr\/produit\/dwarf-goat\/","title":{"rendered":"ch\u00e8vre naine"},"content":{"rendered":"<p>Bien que sa production laiti\u00e8re soit modeste, elle reste une source fiable pour les besoins laitiers \u00e0 petite \u00e9chelle. Ces ch\u00e8vres sont robustes et s'adaptent bien aux diverses conditions climatiques, ce qui les rend id\u00e9ales pour les petits agriculteurs ou les passionn\u00e9s d'animaux de ferme.<\/p>\n<p>&nbsp;<\/p>","protected":false},"excerpt":{"rendered":"<p>La ch\u00e8vre naine est une race compacte et robuste, id\u00e9ale comme animal de compagnie ou pour l'\u00e9levage. Il est connu pour sa petite taille, sa grande adaptabilit\u00e9 et sa nature affectueuse.<\/p>","protected":false},"featured_media":5613,"comment_status":"open","ping_status":"closed","template":"","meta":{"nf_dc_page":"","om_disable_all_campaigns":false,"pagelayer_contact_templates":[],"_pagelayer_content":""},"product_brand":[],"product_cat":[82],"product_tag":[109],"class_list":{"0":"post-5612","1":"product","2":"type-product","3":"status-publish","4":"has-post-thumbnail","6":"product_cat-goat","7":"product_tag-goat","9":"first","10":"instock","11":"shipping-taxable","12":"purchasable","13":"product-type-simple"},"jetpack_sharing_enabled":true,"_links":{"self":[{"href":"https:\/\/staging.gajolivestock.com\/fr\/wp-json\/wp\/v2\/product\/5612","targetHints":{"allow":["GET"]}}],"collection":[{"href":"https:\/\/staging.gajolivestock.com\/fr\/wp-json\/wp\/v2\/product"}],"about":[{"href":"https:\/\/staging.gajolivestock.com\/fr\/wp-json\/wp\/v2\/types\/product"}],"replies":[{"embeddable":true,"href":"https:\/\/staging.gajolivestock.com\/fr\/wp-json\/wp\/v2\/comments?post=5612"}],"wp:featuredmedia":[{"embeddable":true,"href":"https:\/\/staging.gajolivestock.com\/fr\/wp-json\/wp\/v2\/media\/5613"}],"wp:attachment":[{"href":"https:\/\/staging.gajolivestock.com\/fr\/wp-json\/wp\/v2\/media?parent=5612"}],"wp:term":[{"taxonomy":"product_brand","embeddable":true,"href":"https:\/\/staging.gajolivestock.com\/fr\/wp-json\/wp\/v2\/product_brand?post=5612"},{"taxonomy":"product_cat","embeddable":true,"href":"https:\/\/staging.gajolivestock.com\/fr\/wp-json\/wp\/v2\/product_cat?post=5612"},{"taxonomy":"product_tag","embeddable":true,"href":"https:\/\/staging.gajolivestock.com\/fr\/wp-json\/wp\/v2\/product_tag?post=5612"}],"curies":[{"name":"wp","href":"https:\/\/api.w.org\/{rel}","templated":true}]}}