{"id":5616,"date":"2025-01-18T15:25:03","date_gmt":"2025-01-18T15:25:03","guid":{"rendered":"https:\/\/staging.gajolivestock.com\/?post_type=product&#038;p=5616"},"modified":"2025-12-29T22:36:36","modified_gmt":"2025-12-29T22:36:36","slug":"saanen-goat","status":"publish","type":"product","link":"https:\/\/staging.gajolivestock.com\/fr\/produit\/saanen-goat\/","title":{"rendered":"Ch\u00e8vre Saanen"},"content":{"rendered":"<p>Il est r\u00e9put\u00e9 pour sa capacit\u00e9 \u00e0 produire de grandes quantit\u00e9s de lait, en moyenne 3 \u00e0 4 litres par jour. Tr\u00e8s sociable et facile \u00e0 g\u00e9rer, le Saanen est un excellent choix pour les fermes laiti\u00e8res et les petits agriculteurs.<\/p>\n<p>&nbsp;<\/p>","protected":false},"excerpt":{"rendered":"<p>La ch\u00e8vre Saanen, originaire de Suisse, est r\u00e9put\u00e9e pour sa production laiti\u00e8re exceptionnelle. Il est rustique, docile et bien adapt\u00e9 \u00e0 diff\u00e9rents climats.<\/p>","protected":false},"featured_media":5617,"comment_status":"open","ping_status":"closed","template":"","meta":{"om_disable_all_campaigns":false,"pagelayer_contact_templates":[],"_pagelayer_content":""},"product_brand":[],"product_cat":[82],"product_tag":[109],"class_list":{"0":"post-5616","1":"product","2":"type-product","3":"status-publish","4":"has-post-thumbnail","6":"product_cat-goat","7":"product_tag-goat","9":"first","10":"instock","11":"shipping-taxable","12":"purchasable","13":"product-type-simple"},"jetpack_sharing_enabled":true,"_links":{"self":[{"href":"https:\/\/staging.gajolivestock.com\/fr\/wp-json\/wp\/v2\/product\/5616","targetHints":{"allow":["GET"]}}],"collection":[{"href":"https:\/\/staging.gajolivestock.com\/fr\/wp-json\/wp\/v2\/product"}],"about":[{"href":"https:\/\/staging.gajolivestock.com\/fr\/wp-json\/wp\/v2\/types\/product"}],"replies":[{"embeddable":true,"href":"https:\/\/staging.gajolivestock.com\/fr\/wp-json\/wp\/v2\/comments?post=5616"}],"wp:featuredmedia":[{"embeddable":true,"href":"https:\/\/staging.gajolivestock.com\/fr\/wp-json\/wp\/v2\/media\/5617"}],"wp:attachment":[{"href":"https:\/\/staging.gajolivestock.com\/fr\/wp-json\/wp\/v2\/media?parent=5616"}],"wp:term":[{"taxonomy":"product_brand","embeddable":true,"href":"https:\/\/staging.gajolivestock.com\/fr\/wp-json\/wp\/v2\/product_brand?post=5616"},{"taxonomy":"product_cat","embeddable":true,"href":"https:\/\/staging.gajolivestock.com\/fr\/wp-json\/wp\/v2\/product_cat?post=5616"},{"taxonomy":"product_tag","embeddable":true,"href":"https:\/\/staging.gajolivestock.com\/fr\/wp-json\/wp\/v2\/product_tag?post=5616"}],"curies":[{"name":"wp","href":"https:\/\/api.w.org\/{rel}","templated":true}]}}