{"id":5622,"date":"2025-01-18T15:30:38","date_gmt":"2025-01-18T15:30:38","guid":{"rendered":"https:\/\/staging.gajolivestock.com\/?post_type=product&#038;p=5622"},"modified":"2025-02-07T18:42:31","modified_gmt":"2025-02-07T18:42:31","slug":"toggenburg-goat","status":"publish","type":"product","link":"https:\/\/staging.gajolivestock.com\/fr\/produit\/toggenburg-goat\/","title":{"rendered":"Ch\u00e8vre  Toggenburg"},"content":{"rendered":"<p>Il est facilement reconnaissable \u00e0 son pelage brun clair \u00e0 fonc\u00e9, souvent marqu\u00e9 de rayures blanches distinctives sur le visage, les oreilles et les pattes. Appr\u00e9ci\u00e9e pour sa rusticit\u00e9 et son adaptabilit\u00e9 aux diff\u00e9rents climats, cette ch\u00e8vre est une excellente productrice de lait, id\u00e9ale pour la fabrication du fromage. Le Toggenburg est \u00e9galement connu pour sa nature douce, ce qui en fait un choix populaire parmi les \u00e9leveurs.<\/p>\n<p>&nbsp;<\/p>","protected":false},"excerpt":{"rendered":"<p>Le Toggenburg est une race robuste et polyvalente, connue pour sa production constante de lait de haute qualit\u00e9 et riche en nutriments.<\/p>","protected":false},"featured_media":5623,"comment_status":"open","ping_status":"closed","template":"","meta":{"om_disable_all_campaigns":false,"pagelayer_contact_templates":[],"_pagelayer_content":""},"product_brand":[],"product_cat":[82],"product_tag":[109],"class_list":{"0":"post-5622","1":"product","2":"type-product","3":"status-publish","4":"has-post-thumbnail","6":"product_cat-goat","7":"product_tag-goat","9":"first","10":"instock","11":"shipping-taxable","12":"purchasable","13":"product-type-simple"},"jetpack_sharing_enabled":true,"_links":{"self":[{"href":"https:\/\/staging.gajolivestock.com\/fr\/wp-json\/wp\/v2\/product\/5622","targetHints":{"allow":["GET"]}}],"collection":[{"href":"https:\/\/staging.gajolivestock.com\/fr\/wp-json\/wp\/v2\/product"}],"about":[{"href":"https:\/\/staging.gajolivestock.com\/fr\/wp-json\/wp\/v2\/types\/product"}],"replies":[{"embeddable":true,"href":"https:\/\/staging.gajolivestock.com\/fr\/wp-json\/wp\/v2\/comments?post=5622"}],"wp:featuredmedia":[{"embeddable":true,"href":"https:\/\/staging.gajolivestock.com\/fr\/wp-json\/wp\/v2\/media\/5623"}],"wp:attachment":[{"href":"https:\/\/staging.gajolivestock.com\/fr\/wp-json\/wp\/v2\/media?parent=5622"}],"wp:term":[{"taxonomy":"product_brand","embeddable":true,"href":"https:\/\/staging.gajolivestock.com\/fr\/wp-json\/wp\/v2\/product_brand?post=5622"},{"taxonomy":"product_cat","embeddable":true,"href":"https:\/\/staging.gajolivestock.com\/fr\/wp-json\/wp\/v2\/product_cat?post=5622"},{"taxonomy":"product_tag","embeddable":true,"href":"https:\/\/staging.gajolivestock.com\/fr\/wp-json\/wp\/v2\/product_tag?post=5622"}],"curies":[{"name":"wp","href":"https:\/\/api.w.org\/{rel}","templated":true}]}}