{"id":5627,"date":"2025-01-18T16:17:53","date_gmt":"2025-01-18T16:17:53","guid":{"rendered":"https:\/\/staging.gajolivestock.com\/?post_type=product&#038;p=5627"},"modified":"2025-02-01T11:20:06","modified_gmt":"2025-02-01T11:20:06","slug":"grey-sea-bream","status":"publish","type":"product","link":"https:\/\/staging.gajolivestock.com\/fr\/produit\/grey-sea-bream\/","title":{"rendered":"Daurade grise"},"content":{"rendered":"<p>Il se caract\u00e9rise par son corps ovale et argent\u00e9, ses flancs l\u00e9g\u00e8rement comprim\u00e9s et sa t\u00eate robuste. Ce poisson se trouve g\u00e9n\u00e9ralement dans les eaux c\u00f4ti\u00e8res et les fonds marins rocheux, o\u00f9 il se nourrit principalement de mollusques et de crustac\u00e9s. Appr\u00e9ci\u00e9e pour sa chair maigre et ferme, la daurade grise est un choix appr\u00e9ci\u00e9 pour divers plats de poisson grill\u00e9 ou poch\u00e9.<\/p>\n<p>&nbsp;<\/p>","protected":false},"excerpt":{"rendered":"<p>La daurade grise est un poisson c\u00f4tier appr\u00e9ci\u00e9 pour sa chair ferme et savoureuse.<\/p>","protected":false},"featured_media":5629,"comment_status":"open","ping_status":"closed","template":"","meta":{"om_disable_all_campaigns":false,"pagelayer_contact_templates":[],"_pagelayer_content":""},"product_brand":[],"product_cat":[36],"product_tag":[112],"class_list":{"0":"post-5627","1":"product","2":"type-product","3":"status-publish","4":"has-post-thumbnail","6":"product_cat-fish-seafood","7":"product_tag-fish-seafood","9":"first","10":"instock","11":"shipping-taxable","12":"purchasable","13":"product-type-simple"},"jetpack_sharing_enabled":true,"_links":{"self":[{"href":"https:\/\/staging.gajolivestock.com\/fr\/wp-json\/wp\/v2\/product\/5627","targetHints":{"allow":["GET"]}}],"collection":[{"href":"https:\/\/staging.gajolivestock.com\/fr\/wp-json\/wp\/v2\/product"}],"about":[{"href":"https:\/\/staging.gajolivestock.com\/fr\/wp-json\/wp\/v2\/types\/product"}],"replies":[{"embeddable":true,"href":"https:\/\/staging.gajolivestock.com\/fr\/wp-json\/wp\/v2\/comments?post=5627"}],"wp:featuredmedia":[{"embeddable":true,"href":"https:\/\/staging.gajolivestock.com\/fr\/wp-json\/wp\/v2\/media\/5629"}],"wp:attachment":[{"href":"https:\/\/staging.gajolivestock.com\/fr\/wp-json\/wp\/v2\/media?parent=5627"}],"wp:term":[{"taxonomy":"product_brand","embeddable":true,"href":"https:\/\/staging.gajolivestock.com\/fr\/wp-json\/wp\/v2\/product_brand?post=5627"},{"taxonomy":"product_cat","embeddable":true,"href":"https:\/\/staging.gajolivestock.com\/fr\/wp-json\/wp\/v2\/product_cat?post=5627"},{"taxonomy":"product_tag","embeddable":true,"href":"https:\/\/staging.gajolivestock.com\/fr\/wp-json\/wp\/v2\/product_tag?post=5627"}],"curies":[{"name":"wp","href":"https:\/\/api.w.org\/{rel}","templated":true}]}}