{"id":5630,"date":"2025-01-18T16:26:11","date_gmt":"2025-01-18T16:26:11","guid":{"rendered":"https:\/\/staging.gajolivestock.com\/?post_type=product&#038;p=5630"},"modified":"2025-02-01T11:19:58","modified_gmt":"2025-02-01T11:19:58","slug":"pink-sea-bream","status":"publish","type":"product","link":"https:\/\/staging.gajolivestock.com\/fr\/produit\/pink-sea-bream\/","title":{"rendered":"Daurade rose"},"content":{"rendered":"<p>Ce poisson se trouve couramment dans les fonds marins sableux ou rocheux et se nourrit principalement de petits crustac\u00e9s et mollusques. En cuisine, la daurade rose est tr\u00e8s appr\u00e9ci\u00e9e pour sa chair fine et savoureuse, ce qui la rend parfaite pour les plats grill\u00e9s, r\u00f4tis ou cuits au four.<\/p>\n<p>&nbsp;<\/p>","protected":false},"excerpt":{"rendered":"<p>La daurade rose est un poisson marin appr\u00e9ci\u00e9 pour sa chair d\u00e9licate et sa saveur raffin\u00e9e.<\/p>","protected":false},"featured_media":5631,"comment_status":"open","ping_status":"closed","template":"","meta":{"om_disable_all_campaigns":false,"pagelayer_contact_templates":[],"_pagelayer_content":""},"product_brand":[],"product_cat":[36],"product_tag":[112],"class_list":{"0":"post-5630","1":"product","2":"type-product","3":"status-publish","4":"has-post-thumbnail","6":"product_cat-fish-seafood","7":"product_tag-fish-seafood","9":"first","10":"instock","11":"shipping-taxable","12":"purchasable","13":"product-type-simple"},"jetpack_sharing_enabled":true,"_links":{"self":[{"href":"https:\/\/staging.gajolivestock.com\/fr\/wp-json\/wp\/v2\/product\/5630","targetHints":{"allow":["GET"]}}],"collection":[{"href":"https:\/\/staging.gajolivestock.com\/fr\/wp-json\/wp\/v2\/product"}],"about":[{"href":"https:\/\/staging.gajolivestock.com\/fr\/wp-json\/wp\/v2\/types\/product"}],"replies":[{"embeddable":true,"href":"https:\/\/staging.gajolivestock.com\/fr\/wp-json\/wp\/v2\/comments?post=5630"}],"wp:featuredmedia":[{"embeddable":true,"href":"https:\/\/staging.gajolivestock.com\/fr\/wp-json\/wp\/v2\/media\/5631"}],"wp:attachment":[{"href":"https:\/\/staging.gajolivestock.com\/fr\/wp-json\/wp\/v2\/media?parent=5630"}],"wp:term":[{"taxonomy":"product_brand","embeddable":true,"href":"https:\/\/staging.gajolivestock.com\/fr\/wp-json\/wp\/v2\/product_brand?post=5630"},{"taxonomy":"product_cat","embeddable":true,"href":"https:\/\/staging.gajolivestock.com\/fr\/wp-json\/wp\/v2\/product_cat?post=5630"},{"taxonomy":"product_tag","embeddable":true,"href":"https:\/\/staging.gajolivestock.com\/fr\/wp-json\/wp\/v2\/product_tag?post=5630"}],"curies":[{"name":"wp","href":"https:\/\/api.w.org\/{rel}","templated":true}]}}