{"id":5638,"date":"2025-01-18T16:40:20","date_gmt":"2025-01-18T16:40:20","guid":{"rendered":"https:\/\/staging.gajolivestock.com\/?post_type=product&#038;p=5638"},"modified":"2025-02-01T11:19:04","modified_gmt":"2025-02-01T11:19:04","slug":"english-bass","status":"publish","type":"product","link":"https:\/\/staging.gajolivestock.com\/fr\/produit\/english-bass\/","title":{"rendered":"bar"},"content":{"rendered":"<p>Le bar est une excellente source de prot\u00e9ines maigres. Il est riche en om\u00e9ga-3, en vitamines B et en min\u00e9raux comme le phosphore et le s\u00e9l\u00e9nium. Il est faible en calories et en mati\u00e8res grasses, ce qui en fait un choix id\u00e9al pour une alimentation \u00e9quilibr\u00e9e.<\/p>\n<p>&nbsp;<\/p>","protected":false},"excerpt":{"rendered":"<p>Le bar est un poisson blanc appr\u00e9ci\u00e9 pour sa chair fine et savoureuse. Il est appr\u00e9ci\u00e9 en cuisine pour sa texture ferme et sa saveur d\u00e9licate. Il peut \u00eatre grill\u00e9, r\u00f4ti ou en filet.<\/p>","protected":false},"featured_media":7088,"comment_status":"open","ping_status":"closed","template":"","meta":{"om_disable_all_campaigns":false,"pagelayer_contact_templates":[],"_pagelayer_content":""},"product_brand":[],"product_cat":[36],"product_tag":[112],"class_list":{"0":"post-5638","1":"product","2":"type-product","3":"status-publish","4":"has-post-thumbnail","6":"product_cat-fish-seafood","7":"product_tag-fish-seafood","9":"first","10":"instock","11":"shipping-taxable","12":"purchasable","13":"product-type-simple"},"jetpack_sharing_enabled":true,"_links":{"self":[{"href":"https:\/\/staging.gajolivestock.com\/fr\/wp-json\/wp\/v2\/product\/5638","targetHints":{"allow":["GET"]}}],"collection":[{"href":"https:\/\/staging.gajolivestock.com\/fr\/wp-json\/wp\/v2\/product"}],"about":[{"href":"https:\/\/staging.gajolivestock.com\/fr\/wp-json\/wp\/v2\/types\/product"}],"replies":[{"embeddable":true,"href":"https:\/\/staging.gajolivestock.com\/fr\/wp-json\/wp\/v2\/comments?post=5638"}],"wp:featuredmedia":[{"embeddable":true,"href":"https:\/\/staging.gajolivestock.com\/fr\/wp-json\/wp\/v2\/media\/7088"}],"wp:attachment":[{"href":"https:\/\/staging.gajolivestock.com\/fr\/wp-json\/wp\/v2\/media?parent=5638"}],"wp:term":[{"taxonomy":"product_brand","embeddable":true,"href":"https:\/\/staging.gajolivestock.com\/fr\/wp-json\/wp\/v2\/product_brand?post=5638"},{"taxonomy":"product_cat","embeddable":true,"href":"https:\/\/staging.gajolivestock.com\/fr\/wp-json\/wp\/v2\/product_cat?post=5638"},{"taxonomy":"product_tag","embeddable":true,"href":"https:\/\/staging.gajolivestock.com\/fr\/wp-json\/wp\/v2\/product_tag?post=5638"}],"curies":[{"name":"wp","href":"https:\/\/api.w.org\/{rel}","templated":true}]}}