{"id":5641,"date":"2025-01-18T16:45:24","date_gmt":"2025-01-18T16:45:24","guid":{"rendered":"https:\/\/staging.gajolivestock.com\/?post_type=product&#038;p=5641"},"modified":"2025-02-01T11:18:59","modified_gmt":"2025-02-01T11:18:59","slug":"tuna-fish","status":"publish","type":"product","link":"https:\/\/staging.gajolivestock.com\/fr\/produit\/tuna-fish\/","title":{"rendered":"Thon"},"content":{"rendered":"<p>Le thon est une excellente source de prot\u00e9ines, d'acides gras om\u00e9ga-3 et de vitamines B, ce qui en fait un aliment id\u00e9al pour une alimentation saine. De par sa taille et sa vitesse, le thon est \u00e9galement un poisson tr\u00e8s pris\u00e9 dans la p\u00eache sportive.<\/p>\n<p>&nbsp;<\/p>","protected":false},"excerpt":{"rendered":"<p>Le thon est un gros poisson, tr\u00e8s appr\u00e9ci\u00e9 pour sa chair ferme et rouge, souvent utilis\u00e9 dans les sushis, les steaks ou en conserve.<\/p>","protected":false},"featured_media":5642,"comment_status":"open","ping_status":"closed","template":"","meta":{"nf_dc_page":"","om_disable_all_campaigns":false,"pagelayer_contact_templates":[],"_pagelayer_content":""},"product_brand":[],"product_cat":[36],"product_tag":[112],"class_list":{"0":"post-5641","1":"product","2":"type-product","3":"status-publish","4":"has-post-thumbnail","6":"product_cat-fish-seafood","7":"product_tag-fish-seafood","9":"first","10":"instock","11":"shipping-taxable","12":"purchasable","13":"product-type-simple"},"jetpack_sharing_enabled":true,"_links":{"self":[{"href":"https:\/\/staging.gajolivestock.com\/fr\/wp-json\/wp\/v2\/product\/5641","targetHints":{"allow":["GET"]}}],"collection":[{"href":"https:\/\/staging.gajolivestock.com\/fr\/wp-json\/wp\/v2\/product"}],"about":[{"href":"https:\/\/staging.gajolivestock.com\/fr\/wp-json\/wp\/v2\/types\/product"}],"replies":[{"embeddable":true,"href":"https:\/\/staging.gajolivestock.com\/fr\/wp-json\/wp\/v2\/comments?post=5641"}],"wp:featuredmedia":[{"embeddable":true,"href":"https:\/\/staging.gajolivestock.com\/fr\/wp-json\/wp\/v2\/media\/5642"}],"wp:attachment":[{"href":"https:\/\/staging.gajolivestock.com\/fr\/wp-json\/wp\/v2\/media?parent=5641"}],"wp:term":[{"taxonomy":"product_brand","embeddable":true,"href":"https:\/\/staging.gajolivestock.com\/fr\/wp-json\/wp\/v2\/product_brand?post=5641"},{"taxonomy":"product_cat","embeddable":true,"href":"https:\/\/staging.gajolivestock.com\/fr\/wp-json\/wp\/v2\/product_cat?post=5641"},{"taxonomy":"product_tag","embeddable":true,"href":"https:\/\/staging.gajolivestock.com\/fr\/wp-json\/wp\/v2\/product_tag?post=5641"}],"curies":[{"name":"wp","href":"https:\/\/api.w.org\/{rel}","templated":true}]}}