{"id":5668,"date":"2025-01-18T17:47:00","date_gmt":"2025-01-18T17:47:00","guid":{"rendered":"https:\/\/staging.gajolivestock.com\/?post_type=product&#038;p=5668"},"modified":"2025-02-01T11:16:50","modified_gmt":"2025-02-01T11:16:50","slug":"shrimp","status":"publish","type":"product","link":"https:\/\/staging.gajolivestock.com\/fr\/produit\/shrimp\/","title":{"rendered":"crevette"},"content":{"rendered":"<p>Pr\u00e9sentes dans les cuisines du monde entier, les crevettes peuvent \u00eatre consomm\u00e9es fra\u00eeches, congel\u00e9es ou s\u00e9ch\u00e9es et sont polyvalentes dans diverses pr\u00e9parations culinaires, des saut\u00e9s aux soupes. Les crevettes jouent \u00e9galement un r\u00f4le vital dans les \u00e9cosyst\u00e8mes aquatiques en tant que source de nourriture pour d'autres esp\u00e8ces.<\/p>\n<p>&nbsp;<\/p>","protected":false},"excerpt":{"rendered":"<p>La crevette est un crustac\u00e9 marin ou d'eau douce tr\u00e8s appr\u00e9ci\u00e9 pour sa viande tendre et savoureuse, largement utilis\u00e9e dans divers plats culinaires.<\/p>","protected":false},"featured_media":5670,"comment_status":"open","ping_status":"closed","template":"","meta":{"om_disable_all_campaigns":false,"pagelayer_contact_templates":[],"_pagelayer_content":""},"product_brand":[],"product_cat":[36],"product_tag":[112],"class_list":{"0":"post-5668","1":"product","2":"type-product","3":"status-publish","4":"has-post-thumbnail","6":"product_cat-fish-seafood","7":"product_tag-fish-seafood","9":"first","10":"instock","11":"shipping-taxable","12":"purchasable","13":"product-type-simple"},"jetpack_sharing_enabled":true,"_links":{"self":[{"href":"https:\/\/staging.gajolivestock.com\/fr\/wp-json\/wp\/v2\/product\/5668","targetHints":{"allow":["GET"]}}],"collection":[{"href":"https:\/\/staging.gajolivestock.com\/fr\/wp-json\/wp\/v2\/product"}],"about":[{"href":"https:\/\/staging.gajolivestock.com\/fr\/wp-json\/wp\/v2\/types\/product"}],"replies":[{"embeddable":true,"href":"https:\/\/staging.gajolivestock.com\/fr\/wp-json\/wp\/v2\/comments?post=5668"}],"wp:featuredmedia":[{"embeddable":true,"href":"https:\/\/staging.gajolivestock.com\/fr\/wp-json\/wp\/v2\/media\/5670"}],"wp:attachment":[{"href":"https:\/\/staging.gajolivestock.com\/fr\/wp-json\/wp\/v2\/media?parent=5668"}],"wp:term":[{"taxonomy":"product_brand","embeddable":true,"href":"https:\/\/staging.gajolivestock.com\/fr\/wp-json\/wp\/v2\/product_brand?post=5668"},{"taxonomy":"product_cat","embeddable":true,"href":"https:\/\/staging.gajolivestock.com\/fr\/wp-json\/wp\/v2\/product_cat?post=5668"},{"taxonomy":"product_tag","embeddable":true,"href":"https:\/\/staging.gajolivestock.com\/fr\/wp-json\/wp\/v2\/product_tag?post=5668"}],"curies":[{"name":"wp","href":"https:\/\/api.w.org\/{rel}","templated":true}]}}