{"id":5671,"date":"2025-01-18T17:58:05","date_gmt":"2025-01-18T17:58:05","guid":{"rendered":"https:\/\/staging.gajolivestock.com\/?post_type=product&#038;p=5671"},"modified":"2025-02-07T15:42:52","modified_gmt":"2025-02-07T15:42:52","slug":"tilapia","status":"publish","type":"product","link":"https:\/\/staging.gajolivestock.com\/fr\/produit\/tilapia\/","title":{"rendered":"Tilapia"},"content":{"rendered":"<p>Il est connu pour sa chair blanche d\u00e9licate, sa faible teneur en mati\u00e8res grasses et sa teneur \u00e9lev\u00e9e en prot\u00e9ines. Facile \u00e0 cuisiner, le tilapia s'int\u00e8gre bien dans diverses recettes, qu'il soit grill\u00e9, frit, cuit au four ou utilis\u00e9 dans les soupes. Ce poisson constitue \u00e9galement une source abordable de nutriments essentiels, ce qui le rend populaire sur les march\u00e9s locaux et internationaux.<\/p>\n<p>&nbsp;<\/p>","protected":false},"excerpt":{"rendered":"<p>Le tilapia est un poisson d'eau douce tr\u00e8s appr\u00e9ci\u00e9 pour sa viande tendre, maigre et savoureuse. Il est largement consomm\u00e9 dans le monde.<\/p>","protected":false},"featured_media":5672,"comment_status":"open","ping_status":"closed","template":"","meta":{"nf_dc_page":"","om_disable_all_campaigns":false,"pagelayer_contact_templates":[],"_pagelayer_content":""},"product_brand":[],"product_cat":[36],"product_tag":[112],"class_list":{"0":"post-5671","1":"product","2":"type-product","3":"status-publish","4":"has-post-thumbnail","6":"product_cat-fish-seafood","7":"product_tag-fish-seafood","9":"first","10":"instock","11":"shipping-taxable","12":"purchasable","13":"product-type-simple"},"jetpack_sharing_enabled":true,"_links":{"self":[{"href":"https:\/\/staging.gajolivestock.com\/fr\/wp-json\/wp\/v2\/product\/5671","targetHints":{"allow":["GET"]}}],"collection":[{"href":"https:\/\/staging.gajolivestock.com\/fr\/wp-json\/wp\/v2\/product"}],"about":[{"href":"https:\/\/staging.gajolivestock.com\/fr\/wp-json\/wp\/v2\/types\/product"}],"replies":[{"embeddable":true,"href":"https:\/\/staging.gajolivestock.com\/fr\/wp-json\/wp\/v2\/comments?post=5671"}],"wp:featuredmedia":[{"embeddable":true,"href":"https:\/\/staging.gajolivestock.com\/fr\/wp-json\/wp\/v2\/media\/5672"}],"wp:attachment":[{"href":"https:\/\/staging.gajolivestock.com\/fr\/wp-json\/wp\/v2\/media?parent=5671"}],"wp:term":[{"taxonomy":"product_brand","embeddable":true,"href":"https:\/\/staging.gajolivestock.com\/fr\/wp-json\/wp\/v2\/product_brand?post=5671"},{"taxonomy":"product_cat","embeddable":true,"href":"https:\/\/staging.gajolivestock.com\/fr\/wp-json\/wp\/v2\/product_cat?post=5671"},{"taxonomy":"product_tag","embeddable":true,"href":"https:\/\/staging.gajolivestock.com\/fr\/wp-json\/wp\/v2\/product_tag?post=5671"}],"curies":[{"name":"wp","href":"https:\/\/api.w.org\/{rel}","templated":true}]}}