{"id":5674,"date":"2025-01-18T18:08:26","date_gmt":"2025-01-18T18:08:26","guid":{"rendered":"https:\/\/staging.gajolivestock.com\/?post_type=product&#038;p=5674"},"modified":"2025-01-29T19:09:13","modified_gmt":"2025-01-29T19:09:13","slug":"the-crab","status":"publish","type":"product","link":"https:\/\/staging.gajolivestock.com\/fr\/produit\/the-crab\/","title":{"rendered":"Le crabe"},"content":{"rendered":"<p>Il est tr\u00e8s recherch\u00e9 en cuisine pour sa viande d\u00e9licate et savoureuse, souvent utilis\u00e9e dans les soupes, les salades et les rago\u00fbts. Diff\u00e9rentes esp\u00e8ces de crabes offrent une vari\u00e9t\u00e9 de tailles et de saveurs, et elles sont p\u00each\u00e9es \u00e0 la fois dans les eaux marines et saum\u00e2tres.<\/p>","protected":false},"excerpt":{"rendered":"<p>Le crabe est un crustac\u00e9 \u00e0 carapace dure, appr\u00e9ci\u00e9 pour sa chair tendre et savoureuse.<\/p>","protected":false},"featured_media":5676,"comment_status":"open","ping_status":"closed","template":"","meta":{"om_disable_all_campaigns":false,"pagelayer_contact_templates":[],"_pagelayer_content":""},"product_brand":[],"product_cat":[36],"product_tag":[112],"class_list":{"0":"post-5674","1":"product","2":"type-product","3":"status-publish","4":"has-post-thumbnail","6":"product_cat-fish-seafood","7":"product_tag-fish-seafood","9":"first","10":"instock","11":"shipping-taxable","12":"purchasable","13":"product-type-simple"},"jetpack_sharing_enabled":true,"_links":{"self":[{"href":"https:\/\/staging.gajolivestock.com\/fr\/wp-json\/wp\/v2\/product\/5674","targetHints":{"allow":["GET"]}}],"collection":[{"href":"https:\/\/staging.gajolivestock.com\/fr\/wp-json\/wp\/v2\/product"}],"about":[{"href":"https:\/\/staging.gajolivestock.com\/fr\/wp-json\/wp\/v2\/types\/product"}],"replies":[{"embeddable":true,"href":"https:\/\/staging.gajolivestock.com\/fr\/wp-json\/wp\/v2\/comments?post=5674"}],"wp:featuredmedia":[{"embeddable":true,"href":"https:\/\/staging.gajolivestock.com\/fr\/wp-json\/wp\/v2\/media\/5676"}],"wp:attachment":[{"href":"https:\/\/staging.gajolivestock.com\/fr\/wp-json\/wp\/v2\/media?parent=5674"}],"wp:term":[{"taxonomy":"product_brand","embeddable":true,"href":"https:\/\/staging.gajolivestock.com\/fr\/wp-json\/wp\/v2\/product_brand?post=5674"},{"taxonomy":"product_cat","embeddable":true,"href":"https:\/\/staging.gajolivestock.com\/fr\/wp-json\/wp\/v2\/product_cat?post=5674"},{"taxonomy":"product_tag","embeddable":true,"href":"https:\/\/staging.gajolivestock.com\/fr\/wp-json\/wp\/v2\/product_tag?post=5674"}],"curies":[{"name":"wp","href":"https:\/\/api.w.org\/{rel}","templated":true}]}}