{"id":5678,"date":"2025-01-26T18:35:50","date_gmt":"2025-01-26T18:35:50","guid":{"rendered":"https:\/\/staging.gajolivestock.com\/?post_type=product&#038;p=5678"},"modified":"2025-02-01T10:35:54","modified_gmt":"2025-02-01T10:35:54","slug":"beef","status":"publish","type":"product","link":"https:\/\/staging.gajolivestock.com\/fr\/produit\/beef\/","title":{"rendered":"B\u0153uf"},"content":{"rendered":"<p>La qualit\u00e9 et le go\u00fbt de la viande bovine d\u00e9pendent de la race de l'animal, de son r\u00e9gime alimentaire et du mode d'\u00e9levage. Le b\u0153uf est un ingr\u00e9dient de base dans de nombreuses cuisines du monde entier.<\/p>\n<p>&nbsp;<\/p>","protected":false},"excerpt":{"rendered":"<p>Le b\u0153uf est une viande rouge riche en nutriments, appr\u00e9ci\u00e9e pour sa tendret\u00e9 et sa saveur.<\/p>","protected":false},"featured_media":5679,"comment_status":"open","ping_status":"closed","template":"","meta":{"nf_dc_page":"","om_disable_all_campaigns":false,"pagelayer_contact_templates":[],"_pagelayer_content":""},"product_brand":[],"product_cat":[89,84],"product_tag":[127,115],"class_list":{"0":"post-5678","1":"product","2":"type-product","3":"status-publish","4":"has-post-thumbnail","6":"product_cat-beef","7":"product_cat-cattle","8":"product_tag-beef","9":"product_tag-cattle","11":"first","12":"instock","13":"shipping-taxable","14":"purchasable","15":"product-type-simple"},"jetpack_sharing_enabled":true,"_links":{"self":[{"href":"https:\/\/staging.gajolivestock.com\/fr\/wp-json\/wp\/v2\/product\/5678","targetHints":{"allow":["GET"]}}],"collection":[{"href":"https:\/\/staging.gajolivestock.com\/fr\/wp-json\/wp\/v2\/product"}],"about":[{"href":"https:\/\/staging.gajolivestock.com\/fr\/wp-json\/wp\/v2\/types\/product"}],"replies":[{"embeddable":true,"href":"https:\/\/staging.gajolivestock.com\/fr\/wp-json\/wp\/v2\/comments?post=5678"}],"wp:featuredmedia":[{"embeddable":true,"href":"https:\/\/staging.gajolivestock.com\/fr\/wp-json\/wp\/v2\/media\/5679"}],"wp:attachment":[{"href":"https:\/\/staging.gajolivestock.com\/fr\/wp-json\/wp\/v2\/media?parent=5678"}],"wp:term":[{"taxonomy":"product_brand","embeddable":true,"href":"https:\/\/staging.gajolivestock.com\/fr\/wp-json\/wp\/v2\/product_brand?post=5678"},{"taxonomy":"product_cat","embeddable":true,"href":"https:\/\/staging.gajolivestock.com\/fr\/wp-json\/wp\/v2\/product_cat?post=5678"},{"taxonomy":"product_tag","embeddable":true,"href":"https:\/\/staging.gajolivestock.com\/fr\/wp-json\/wp\/v2\/product_tag?post=5678"}],"curies":[{"name":"wp","href":"https:\/\/api.w.org\/{rel}","templated":true}]}}